{"id":608,"date":"2019-10-20T23:43:19","date_gmt":"2019-10-21T04:43:19","guid":{"rendered":"https:\/\/thornemarketingvideos.com\/accueil\/"},"modified":"2024-01-04T20:03:40","modified_gmt":"2024-01-05T01:03:40","slug":"accueil","status":"publish","type":"page","link":"https:\/\/thornemarketingvideos.com\/fr\/","title":{"rendered":"Accueil"},"content":{"rendered":"\n\n\t\t\t\t<p>Thorne Marketing Videos est un producteur de vid\u00e9os et de strat\u00e9gies vid\u00e9o marketing pour les entreprises.<\/p>\n<p>La vid\u00e9o est l&rsquo;outil digital le plus engageant et c&rsquo;est avec une strat\u00e9gie vid\u00e9o que votre entreprise pourra partager du contenu engageant plus facilement, selon des objectifs pr\u00e9cis et produire de meilleurs r\u00e9sultats.<\/p>\n\t\t\t<a href=\"\/fr\/contact\/\" target=\"_self\" role=\"button\" aria-label=\"CR\u00c9ER DES VID\u00c9OS\" rel=\"noopener\">\n\t\t\t\t\t\t\tCR\u00c9ER DES VID\u00c9OS\n\t\t<\/a>\n\t\t\t<h2>T\u00c9MOIGNAGES<\/h2>\t\t\t\n\t\t\t\t\t<a href=\"https:\/\/www.youtube.com\/watch?v=HJRzUQMhJMQ\" aria-label=\"uabb-video-gallery\" data-fancybox=\"uabb-video-gallery\" data-url=\"https:\/\/www.youtube.com\/embed\/HJRzUQMhJMQ?autoplay=1&#038;version=3&#038;enablejsapi=1\"class=\"uabb-video-gallery-fancybox uabb-vg__play_full \">\t\t\t\t\t\t\n\t\t\t\t\t<\/a>\t\t\t\t\n\t\t\t\t\t<a href=\"https:\/\/www.youtube.com\/watch?v=wd6rC1Cb_mQ\" aria-label=\"uabb-video-gallery\" data-fancybox=\"uabb-video-gallery\" data-url=\"https:\/\/www.youtube.com\/embed\/wd6rC1Cb_mQ?autoplay=1&#038;version=3&#038;enablejsapi=1\"class=\"uabb-video-gallery-fancybox uabb-vg__play_full \">\t\t\t\t\t\t\n\t\t\t\t\t<\/a>\t\t\t\t\n\t\t\t\t\t<a href=\"https:\/\/youtu.be\/WWBvMW-jH1A\" aria-label=\"uabb-video-gallery\" data-fancybox=\"uabb-video-gallery\" data-url=\"https:\/\/www.youtube.com\/embed\/?autoplay=1&#038;version=3&#038;enablejsapi=1\"class=\"uabb-video-gallery-fancybox uabb-vg__play_full \">\t\t\t\t\t\t\n\t\t\t\t\t<\/a>\t\t\t\t\n\n","protected":false},"excerpt":{"rendered":"<p>Thorne Marketing Videos est un producteur de vid\u00e9os et de strat\u00e9gies vid\u00e9o marketing pour les entreprises. La vid\u00e9o est l&rsquo;outil digital le plus engageant et c&rsquo;est avec une strat\u00e9gie vid\u00e9o que votre entreprise pourra partager du contenu engageant plus facilement, selon des objectifs pr\u00e9cis et produire de meilleurs r\u00e9sultats. CR\u00c9ER DES VID\u00c9OS T\u00c9MOIGNAGES<\/p>\n","protected":false},"author":1,"featured_media":609,"parent":0,"menu_order":0,"comment_status":"closed","ping_status":"closed","template":"","meta":{"_monsterinsights_skip_tracking":false,"_monsterinsights_sitenote_active":false,"_monsterinsights_sitenote_note":"","_monsterinsights_sitenote_category":0,"site-sidebar-layout":"no-sidebar","site-content-layout":"page-builder","ast-site-content-layout":"default","site-content-style":"default","site-sidebar-style":"default","ast-global-header-display":"","ast-banner-title-visibility":"","ast-main-header-display":"","ast-hfb-above-header-display":"","ast-hfb-below-header-display":"","ast-hfb-mobile-header-display":"","site-post-title":"disabled","ast-breadcrumbs-content":"","ast-featured-img":"disabled","footer-sml-layout":"","ast-disable-related-posts":"","theme-transparent-header-meta":"default","adv-header-id-meta":"","stick-header-meta":"","header-above-stick-meta":"","header-main-stick-meta":"","header-below-stick-meta":"","astra-migrate-meta-layouts":"default","ast-page-background-enabled":"default","ast-page-background-meta":{"desktop":{"background-color":"","background-image":"","background-repeat":"repeat","background-position":"center center","background-size":"auto","background-attachment":"scroll","background-type":"","background-media":"","overlay-type":"","overlay-color":"","overlay-opacity":"","overlay-gradient":""},"tablet":{"background-color":"","background-image":"","background-repeat":"repeat","background-position":"center center","background-size":"auto","background-attachment":"scroll","background-type":"","background-media":"","overlay-type":"","overlay-color":"","overlay-opacity":"","overlay-gradient":""},"mobile":{"background-color":"","background-image":"","background-repeat":"repeat","background-position":"center center","background-size":"auto","background-attachment":"scroll","background-type":"","background-media":"","overlay-type":"","overlay-color":"","overlay-opacity":"","overlay-gradient":""}},"ast-content-background-meta":{"desktop":{"background-color":"var(--ast-global-color-5)","background-image":"","background-repeat":"repeat","background-position":"center center","background-size":"auto","background-attachment":"scroll","background-type":"","background-media":"","overlay-type":"","overlay-color":"","overlay-opacity":"","overlay-gradient":""},"tablet":{"background-color":"var(--ast-global-color-5)","background-image":"","background-repeat":"repeat","background-position":"center center","background-size":"auto","background-attachment":"scroll","background-type":"","background-media":"","overlay-type":"","overlay-color":"","overlay-opacity":"","overlay-gradient":""},"mobile":{"background-color":"var(--ast-global-color-5)","background-image":"","background-repeat":"repeat","background-position":"center center","background-size":"auto","background-attachment":"scroll","background-type":"","background-media":"","overlay-type":"","overlay-color":"","overlay-opacity":"","overlay-gradient":""}},"footnotes":""},"class_list":["post-608","page","type-page","status-publish","has-post-thumbnail","hentry"],"yoast_head":"<!-- This site is optimized with the Yoast SEO plugin v26.6 - https:\/\/yoast.com\/wordpress\/plugins\/seo\/ -->\n<title>Thorne Marketing Videos | Strat\u00e9gie Vid\u00e9o Marketing<\/title>\n<meta name=\"description\" content=\"Thorne Marketing Videos est un producteur de vid\u00e9os et de strat\u00e9gies vid\u00e9o marketing pour les entreprises.\" \/>\n<meta name=\"robots\" content=\"index, follow, max-snippet:-1, max-image-preview:large, max-video-preview:-1\" \/>\n<link rel=\"canonical\" href=\"https:\/\/thornemarketingvideos.com\/fr\/\" \/>\n<meta property=\"og:locale\" content=\"fr_FR\" \/>\n<meta property=\"og:type\" content=\"article\" \/>\n<meta property=\"og:title\" content=\"Thorne Marketing Videos | Strat\u00e9gie Vid\u00e9o Marketing\" \/>\n<meta property=\"og:description\" content=\"Thorne Marketing Videos est un producteur de vid\u00e9os et de strat\u00e9gies vid\u00e9o marketing pour les entreprises.\" \/>\n<meta property=\"og:url\" content=\"https:\/\/thornemarketingvideos.com\/fr\/\" \/>\n<meta property=\"og:site_name\" content=\"Thorne Marketing Videos\" \/>\n<meta property=\"article:modified_time\" content=\"2024-01-05T01:03:40+00:00\" \/>\n<meta property=\"og:image\" content=\"https:\/\/thornemarketingvideos.com\/wp-content\/uploads\/0-ThorneMarketingVideos.jpg\" \/>\n\t<meta property=\"og:image:width\" content=\"1200\" \/>\n\t<meta property=\"og:image:height\" content=\"628\" \/>\n\t<meta property=\"og:image:type\" content=\"image\/jpeg\" \/>\n<meta name=\"twitter:card\" content=\"summary_large_image\" \/>\n<script type=\"application\/ld+json\" class=\"yoast-schema-graph\">{\"@context\":\"https:\/\/schema.org\",\"@graph\":[{\"@type\":\"WebPage\",\"@id\":\"https:\/\/thornemarketingvideos.com\/fr\/\",\"url\":\"https:\/\/thornemarketingvideos.com\/fr\/\",\"name\":\"Thorne Marketing Videos | Strat\u00e9gie Vid\u00e9o Marketing\",\"isPartOf\":{\"@id\":\"https:\/\/thornemarketingvideos.com\/#website\"},\"primaryImageOfPage\":{\"@id\":\"https:\/\/thornemarketingvideos.com\/fr\/#primaryimage\"},\"image\":{\"@id\":\"https:\/\/thornemarketingvideos.com\/fr\/#primaryimage\"},\"thumbnailUrl\":\"https:\/\/thornemarketingvideos.com\/wp-content\/uploads\/0-ThorneMarketingVideos.jpg\",\"datePublished\":\"2019-10-21T04:43:19+00:00\",\"dateModified\":\"2024-01-05T01:03:40+00:00\",\"description\":\"Thorne Marketing Videos est un producteur de vid\u00e9os et de strat\u00e9gies vid\u00e9o marketing pour les entreprises.\",\"breadcrumb\":{\"@id\":\"https:\/\/thornemarketingvideos.com\/fr\/#breadcrumb\"},\"inLanguage\":\"fr-FR\",\"potentialAction\":[{\"@type\":\"ReadAction\",\"target\":[\"https:\/\/thornemarketingvideos.com\/fr\/\"]}]},{\"@type\":\"ImageObject\",\"inLanguage\":\"fr-FR\",\"@id\":\"https:\/\/thornemarketingvideos.com\/fr\/#primaryimage\",\"url\":\"https:\/\/thornemarketingvideos.com\/wp-content\/uploads\/0-ThorneMarketingVideos.jpg\",\"contentUrl\":\"https:\/\/thornemarketingvideos.com\/wp-content\/uploads\/0-ThorneMarketingVideos.jpg\",\"width\":1200,\"height\":628,\"caption\":\"ThorneMarketingVideos\"},{\"@type\":\"BreadcrumbList\",\"@id\":\"https:\/\/thornemarketingvideos.com\/fr\/#breadcrumb\",\"itemListElement\":[{\"@type\":\"ListItem\",\"position\":1,\"name\":\"Accueil\",\"item\":\"https:\/\/thornemarketingvideos.com\/fr\/\"},{\"@type\":\"ListItem\",\"position\":2,\"name\":\"Accueil\"}]},{\"@type\":\"WebSite\",\"@id\":\"https:\/\/thornemarketingvideos.com\/#website\",\"url\":\"https:\/\/thornemarketingvideos.com\/\",\"name\":\"Thorne Marketing Videos\",\"description\":\"Promotional Video Production and Strategy\",\"potentialAction\":[{\"@type\":\"SearchAction\",\"target\":{\"@type\":\"EntryPoint\",\"urlTemplate\":\"https:\/\/thornemarketingvideos.com\/?s={search_term_string}\"},\"query-input\":{\"@type\":\"PropertyValueSpecification\",\"valueRequired\":true,\"valueName\":\"search_term_string\"}}],\"inLanguage\":\"fr-FR\"}]}<\/script>\n<!-- \/ Yoast SEO plugin. -->","yoast_head_json":{"title":"Thorne Marketing Videos | Strat\u00e9gie Vid\u00e9o Marketing","description":"Thorne Marketing Videos est un producteur de vid\u00e9os et de strat\u00e9gies vid\u00e9o marketing pour les entreprises.","robots":{"index":"index","follow":"follow","max-snippet":"max-snippet:-1","max-image-preview":"max-image-preview:large","max-video-preview":"max-video-preview:-1"},"canonical":"https:\/\/thornemarketingvideos.com\/fr\/","og_locale":"fr_FR","og_type":"article","og_title":"Thorne Marketing Videos | Strat\u00e9gie Vid\u00e9o Marketing","og_description":"Thorne Marketing Videos est un producteur de vid\u00e9os et de strat\u00e9gies vid\u00e9o marketing pour les entreprises.","og_url":"https:\/\/thornemarketingvideos.com\/fr\/","og_site_name":"Thorne Marketing Videos","article_modified_time":"2024-01-05T01:03:40+00:00","og_image":[{"width":1200,"height":628,"url":"https:\/\/thornemarketingvideos.com\/wp-content\/uploads\/0-ThorneMarketingVideos.jpg","type":"image\/jpeg"}],"twitter_card":"summary_large_image","schema":{"@context":"https:\/\/schema.org","@graph":[{"@type":"WebPage","@id":"https:\/\/thornemarketingvideos.com\/fr\/","url":"https:\/\/thornemarketingvideos.com\/fr\/","name":"Thorne Marketing Videos | Strat\u00e9gie Vid\u00e9o Marketing","isPartOf":{"@id":"https:\/\/thornemarketingvideos.com\/#website"},"primaryImageOfPage":{"@id":"https:\/\/thornemarketingvideos.com\/fr\/#primaryimage"},"image":{"@id":"https:\/\/thornemarketingvideos.com\/fr\/#primaryimage"},"thumbnailUrl":"https:\/\/thornemarketingvideos.com\/wp-content\/uploads\/0-ThorneMarketingVideos.jpg","datePublished":"2019-10-21T04:43:19+00:00","dateModified":"2024-01-05T01:03:40+00:00","description":"Thorne Marketing Videos est un producteur de vid\u00e9os et de strat\u00e9gies vid\u00e9o marketing pour les entreprises.","breadcrumb":{"@id":"https:\/\/thornemarketingvideos.com\/fr\/#breadcrumb"},"inLanguage":"fr-FR","potentialAction":[{"@type":"ReadAction","target":["https:\/\/thornemarketingvideos.com\/fr\/"]}]},{"@type":"ImageObject","inLanguage":"fr-FR","@id":"https:\/\/thornemarketingvideos.com\/fr\/#primaryimage","url":"https:\/\/thornemarketingvideos.com\/wp-content\/uploads\/0-ThorneMarketingVideos.jpg","contentUrl":"https:\/\/thornemarketingvideos.com\/wp-content\/uploads\/0-ThorneMarketingVideos.jpg","width":1200,"height":628,"caption":"ThorneMarketingVideos"},{"@type":"BreadcrumbList","@id":"https:\/\/thornemarketingvideos.com\/fr\/#breadcrumb","itemListElement":[{"@type":"ListItem","position":1,"name":"Accueil","item":"https:\/\/thornemarketingvideos.com\/fr\/"},{"@type":"ListItem","position":2,"name":"Accueil"}]},{"@type":"WebSite","@id":"https:\/\/thornemarketingvideos.com\/#website","url":"https:\/\/thornemarketingvideos.com\/","name":"Thorne Marketing Videos","description":"Promotional Video Production and Strategy","potentialAction":[{"@type":"SearchAction","target":{"@type":"EntryPoint","urlTemplate":"https:\/\/thornemarketingvideos.com\/?s={search_term_string}"},"query-input":{"@type":"PropertyValueSpecification","valueRequired":true,"valueName":"search_term_string"}}],"inLanguage":"fr-FR"}]}},"_links":{"self":[{"href":"https:\/\/thornemarketingvideos.com\/fr\/wp-json\/wp\/v2\/pages\/608","targetHints":{"allow":["GET"]}}],"collection":[{"href":"https:\/\/thornemarketingvideos.com\/fr\/wp-json\/wp\/v2\/pages"}],"about":[{"href":"https:\/\/thornemarketingvideos.com\/fr\/wp-json\/wp\/v2\/types\/page"}],"author":[{"embeddable":true,"href":"https:\/\/thornemarketingvideos.com\/fr\/wp-json\/wp\/v2\/users\/1"}],"replies":[{"embeddable":true,"href":"https:\/\/thornemarketingvideos.com\/fr\/wp-json\/wp\/v2\/comments?post=608"}],"version-history":[{"count":17,"href":"https:\/\/thornemarketingvideos.com\/fr\/wp-json\/wp\/v2\/pages\/608\/revisions"}],"predecessor-version":[{"id":1027,"href":"https:\/\/thornemarketingvideos.com\/fr\/wp-json\/wp\/v2\/pages\/608\/revisions\/1027"}],"wp:featuredmedia":[{"embeddable":true,"href":"https:\/\/thornemarketingvideos.com\/fr\/wp-json\/wp\/v2\/media\/609"}],"wp:attachment":[{"href":"https:\/\/thornemarketingvideos.com\/fr\/wp-json\/wp\/v2\/media?parent=608"}],"curies":[{"name":"wp","href":"https:\/\/api.w.org\/{rel}","templated":true}]}}