{"id":592,"date":"2021-12-27T10:45:40","date_gmt":"2021-12-27T15:45:40","guid":{"rendered":"https:\/\/thornemarketingvideos.com\/contact\/"},"modified":"2022-03-24T09:37:15","modified_gmt":"2022-03-24T14:37:15","slug":"contact","status":"publish","type":"page","link":"https:\/\/thornemarketingvideos.com\/fr\/contact\/","title":{"rendered":"Contact"},"content":{"rendered":"\n\n\t<style>\n    .ff_conv_app_4 { background-color: #004844; }.ff_conv_app_4 .ffc-counter-div span { color: rgb(255, 255, 255); }.ff_conv_app_4 .ffc-counter-div .counter-icon-span svg { fill: rgb(255, 255, 255) !important; }.ff_conv_app_4 .f-label-wrap, .ff_conv_app_4 .f-answer { color: rgb(255, 255, 255) !important; }.ff_conv_app_4 .f-label-wrap .f-key { border-color: rgb(255, 255, 255) !important; }.ff_conv_app_4 .f-answer .f-radios-wrap ul li { background-color: rgba(255, 255, 255,0.1) !important; }.ff_conv_app_4 .f-answer .f-radios-wrap ul li.f-selected { background-color: rgba(255, 255, 255,0.3) !important; }.ff_conv_app_4 .f-answer .f-radios-wrap ul li.f-selected .f-key { background-color: rgb(255, 255, 255) !important; color: white; }.ff_conv_app_4 .f-answer .f-radios-wrap ul li.f-selected svg { fill: rgb(255, 255, 255) !important; }.ff_conv_app_4 .f-answer input, .ff_conv_app_4 .f-answer textarea{ color: rgb(255, 255, 255) !important; box-shadow: rgb(255, 255, 255)  0px 1px; }.ff_conv_app_4 .f-answer input:focus, .ff_conv_app_4 .f-answer textarea:focus { box-shadow: rgb(255, 255, 255)  0px 2px !important; }.ff_conv_app_4 .f-answer textarea::placeholder, .ff_conv_app_4 .f-answer input::placeholder { color: rgb(255, 255, 255) !important; }.ff_conv_app_4 .text-success { color: rgb(255, 255, 255) !important; }.ff_conv_app_4 .fh2 .f-text { color: rgb(255, 255, 255); }.ff_conv_app_4 .fh2 .f-tagline, .ff_conv_app_4 .f-sub .f-help { color: rgba(255, 255, 255,0.70); }.ff_conv_app_4 .q-inner .o-btn-action, .ff_conv_app_4 .footer-inner-wrap .f-nav { background-color: rgb(255, 255, 255); }.ff_conv_app_4 .q-inner .o-btn-action span, .ff_conv_app_4 .footer-inner-wrap .f-nav a { color: #004844; } .ff_conv_app_4 .f-enter .f-enter-desc { color: rgb(255, 255, 255); }.ff_conv_app_4 .footer-inner-wrap .f-nav a svg { fill: #004844; }.ff_conv_app_4 .f-answer .f-radios-wrap ul li.f-selected .f-key { color: #004844; }.ff_conv_app_4 .footer-inner-wrap .f-nav a.ffc_power { display: none !important; } .ff-btn-submit { background-color: #409EFF; color: #ffffff; }<\/style>\n<div class=\"ffc_conv_wrapper ffc_inline_form\">\n    <div class=\"frm-fluent-form ff_conv_app fluent_form_4 ff_conv_app_frame ff_conv_app_4 ffc_media_hide_mob_no\" data-form_id=\"4\">\n        <div data-var_name=\"fluent_forms_global_var_1\" class=\"ffc_conv_form\" style=\"width: 100%\" id=\"ffc_app_instance_1\"><\/div>\n    <\/div>\n<\/div>\n\n\t\t\t<video src=\"https:\/\/thornemarketingvideos.com\/wp-content\/uploads\/CONTACTPAGE-FR.mp4\" controls=\"\" controlsList=\"nodownload\" poster=\"\" preload=\"none\"><\/video>\n\t\t\t\t\tPlay Video\n\t\t\t\t\t\t\t\t\t<img loading=\"lazy\" decoding=\"async\" src=\"https:\/\/thornemarketingvideos.com\/wp-content\/uploads\/ImageGL_HD-00313-651x1024.jpg\" alt=\"Kevin Donnithorne\" itemprop=\"image\" height=\"1024\" width=\"651\" title=\"Kevin Donnithorne\" onerror=\"this.style.display='none'\"  \/>\n\t\t\t<h3>Kevin Donnithorne<\/h3>\t\t\t\n\t\t\t\t<p>Producteur &amp; Strat\u00e8ge Vid\u00e9o depuis 2019.\u00a0<\/p>\n<p>Baccalaur\u00e9at en Administration des Affaires: Marketing &#8211; Universit\u00e9 de Sherbrooke<br \/>Ma\u00eetrise en Gestion du Commerce \u00c9lectronique &#8211; Universit\u00e9 de Sherbrooke<\/p>\n\t\t<link itemprop=\"url\" href=\"https:\/\/thornemarketingvideos.com\"\/>\n\t\t<a itemprop=\"sameAs\" href=\"https:\/\/www.linkedin.com\/in\/kevin-donnithorne\/\" target=\"_blank\" title=\"LinkedIn\" aria-label=\"LinkedIn\" role=\"button\" rel=\"noopener\">\n\t\t\t\t\t<\/a>\n\n","protected":false},"excerpt":{"rendered":"<p>Play Video Kevin Donnithorne Producteur &amp; Strat\u00e8ge Vid\u00e9o depuis 2019.\u00a0 Baccalaur\u00e9at en Administration des Affaires: Marketing &#8211; Universit\u00e9 de SherbrookeMa\u00eetrise en Gestion du Commerce \u00c9lectronique &#8211; Universit\u00e9 de Sherbrooke<\/p>\n","protected":false},"author":1,"featured_media":620,"parent":0,"menu_order":0,"comment_status":"closed","ping_status":"closed","template":"","meta":{"_monsterinsights_skip_tracking":false,"_monsterinsights_sitenote_active":false,"_monsterinsights_sitenote_note":"","_monsterinsights_sitenote_category":0,"site-sidebar-layout":"no-sidebar","site-content-layout":"page-builder","ast-site-content-layout":"default","site-content-style":"default","site-sidebar-style":"default","ast-global-header-display":"","ast-banner-title-visibility":"","ast-main-header-display":"","ast-hfb-above-header-display":"","ast-hfb-below-header-display":"","ast-hfb-mobile-header-display":"","site-post-title":"disabled","ast-breadcrumbs-content":"","ast-featured-img":"disabled","footer-sml-layout":"","ast-disable-related-posts":"","theme-transparent-header-meta":"default","adv-header-id-meta":"","stick-header-meta":"","header-above-stick-meta":"","header-main-stick-meta":"","header-below-stick-meta":"","astra-migrate-meta-layouts":"default","ast-page-background-enabled":"default","ast-page-background-meta":{"desktop":{"background-color":"","background-image":"","background-repeat":"repeat","background-position":"center center","background-size":"auto","background-attachment":"scroll","background-type":"","background-media":"","overlay-type":"","overlay-color":"","overlay-opacity":"","overlay-gradient":""},"tablet":{"background-color":"","background-image":"","background-repeat":"repeat","background-position":"center center","background-size":"auto","background-attachment":"scroll","background-type":"","background-media":"","overlay-type":"","overlay-color":"","overlay-opacity":"","overlay-gradient":""},"mobile":{"background-color":"","background-image":"","background-repeat":"repeat","background-position":"center center","background-size":"auto","background-attachment":"scroll","background-type":"","background-media":"","overlay-type":"","overlay-color":"","overlay-opacity":"","overlay-gradient":""}},"ast-content-background-meta":{"desktop":{"background-color":"var(--ast-global-color-5)","background-image":"","background-repeat":"repeat","background-position":"center center","background-size":"auto","background-attachment":"scroll","background-type":"","background-media":"","overlay-type":"","overlay-color":"","overlay-opacity":"","overlay-gradient":""},"tablet":{"background-color":"var(--ast-global-color-5)","background-image":"","background-repeat":"repeat","background-position":"center center","background-size":"auto","background-attachment":"scroll","background-type":"","background-media":"","overlay-type":"","overlay-color":"","overlay-opacity":"","overlay-gradient":""},"mobile":{"background-color":"var(--ast-global-color-5)","background-image":"","background-repeat":"repeat","background-position":"center center","background-size":"auto","background-attachment":"scroll","background-type":"","background-media":"","overlay-type":"","overlay-color":"","overlay-opacity":"","overlay-gradient":""}},"footnotes":""},"class_list":["post-592","page","type-page","status-publish","has-post-thumbnail","hentry"],"yoast_head":"<!-- This site is optimized with the Yoast SEO plugin v26.6 - https:\/\/yoast.com\/wordpress\/plugins\/seo\/ -->\n<title>Contact - Thorne Marketing Videos<\/title>\n<meta name=\"description\" content=\"\u00c9crivez-moi ou prenez un rendez-vous pour un premier appel de d\u00e9couverte, jasons d\u2019id\u00e9es et cr\u00e9ons une strat\u00e9gie vid\u00e9o pour votre entreprise.\" \/>\n<meta name=\"robots\" content=\"index, follow, max-snippet:-1, max-image-preview:large, max-video-preview:-1\" \/>\n<link rel=\"canonical\" href=\"https:\/\/thornemarketingvideos.com\/fr\/contact\/\" \/>\n<meta property=\"og:locale\" content=\"fr_FR\" \/>\n<meta property=\"og:type\" content=\"article\" \/>\n<meta property=\"og:title\" content=\"Contact - Thorne Marketing Videos\" \/>\n<meta property=\"og:description\" content=\"\u00c9crivez-moi ou prenez un rendez-vous pour un premier appel de d\u00e9couverte, jasons d\u2019id\u00e9es et cr\u00e9ons une strat\u00e9gie vid\u00e9o pour votre entreprise.\" \/>\n<meta property=\"og:url\" content=\"https:\/\/thornemarketingvideos.com\/fr\/contact\/\" \/>\n<meta property=\"og:site_name\" content=\"Thorne Marketing Videos\" \/>\n<meta property=\"article:modified_time\" content=\"2022-03-24T14:37:15+00:00\" \/>\n<meta property=\"og:image\" content=\"https:\/\/thornemarketingvideos.com\/wp-content\/uploads\/FR-5_Contact.jpg\" \/>\n\t<meta property=\"og:image:width\" content=\"1200\" \/>\n\t<meta property=\"og:image:height\" content=\"628\" \/>\n\t<meta property=\"og:image:type\" content=\"image\/jpeg\" \/>\n<meta name=\"twitter:card\" content=\"summary_large_image\" \/>\n<script type=\"application\/ld+json\" class=\"yoast-schema-graph\">{\"@context\":\"https:\/\/schema.org\",\"@graph\":[{\"@type\":\"WebPage\",\"@id\":\"https:\/\/thornemarketingvideos.com\/fr\/contact\/\",\"url\":\"https:\/\/thornemarketingvideos.com\/fr\/contact\/\",\"name\":\"Contact - Thorne Marketing Videos\",\"isPartOf\":{\"@id\":\"https:\/\/thornemarketingvideos.com\/#website\"},\"primaryImageOfPage\":{\"@id\":\"https:\/\/thornemarketingvideos.com\/fr\/contact\/#primaryimage\"},\"image\":{\"@id\":\"https:\/\/thornemarketingvideos.com\/fr\/contact\/#primaryimage\"},\"thumbnailUrl\":\"https:\/\/thornemarketingvideos.com\/wp-content\/uploads\/FR-5_Contact.jpg\",\"datePublished\":\"2021-12-27T15:45:40+00:00\",\"dateModified\":\"2022-03-24T14:37:15+00:00\",\"description\":\"\u00c9crivez-moi ou prenez un rendez-vous pour un premier appel de d\u00e9couverte, jasons d\u2019id\u00e9es et cr\u00e9ons une strat\u00e9gie vid\u00e9o pour votre entreprise.\",\"breadcrumb\":{\"@id\":\"https:\/\/thornemarketingvideos.com\/fr\/contact\/#breadcrumb\"},\"inLanguage\":\"fr-FR\",\"potentialAction\":[{\"@type\":\"ReadAction\",\"target\":[\"https:\/\/thornemarketingvideos.com\/fr\/contact\/\"]}]},{\"@type\":\"ImageObject\",\"inLanguage\":\"fr-FR\",\"@id\":\"https:\/\/thornemarketingvideos.com\/fr\/contact\/#primaryimage\",\"url\":\"https:\/\/thornemarketingvideos.com\/wp-content\/uploads\/FR-5_Contact.jpg\",\"contentUrl\":\"https:\/\/thornemarketingvideos.com\/wp-content\/uploads\/FR-5_Contact.jpg\",\"width\":1200,\"height\":628,\"caption\":\"FR Contact\"},{\"@type\":\"BreadcrumbList\",\"@id\":\"https:\/\/thornemarketingvideos.com\/fr\/contact\/#breadcrumb\",\"itemListElement\":[{\"@type\":\"ListItem\",\"position\":1,\"name\":\"Accueil\",\"item\":\"https:\/\/thornemarketingvideos.com\/fr\/\"},{\"@type\":\"ListItem\",\"position\":2,\"name\":\"Contact\"}]},{\"@type\":\"WebSite\",\"@id\":\"https:\/\/thornemarketingvideos.com\/#website\",\"url\":\"https:\/\/thornemarketingvideos.com\/\",\"name\":\"Thorne Marketing Videos\",\"description\":\"Promotional Video Production and Strategy\",\"potentialAction\":[{\"@type\":\"SearchAction\",\"target\":{\"@type\":\"EntryPoint\",\"urlTemplate\":\"https:\/\/thornemarketingvideos.com\/?s={search_term_string}\"},\"query-input\":{\"@type\":\"PropertyValueSpecification\",\"valueRequired\":true,\"valueName\":\"search_term_string\"}}],\"inLanguage\":\"fr-FR\"}]}<\/script>\n<!-- \/ Yoast SEO plugin. -->","yoast_head_json":{"title":"Contact - Thorne Marketing Videos","description":"\u00c9crivez-moi ou prenez un rendez-vous pour un premier appel de d\u00e9couverte, jasons d\u2019id\u00e9es et cr\u00e9ons une strat\u00e9gie vid\u00e9o pour votre entreprise.","robots":{"index":"index","follow":"follow","max-snippet":"max-snippet:-1","max-image-preview":"max-image-preview:large","max-video-preview":"max-video-preview:-1"},"canonical":"https:\/\/thornemarketingvideos.com\/fr\/contact\/","og_locale":"fr_FR","og_type":"article","og_title":"Contact - Thorne Marketing Videos","og_description":"\u00c9crivez-moi ou prenez un rendez-vous pour un premier appel de d\u00e9couverte, jasons d\u2019id\u00e9es et cr\u00e9ons une strat\u00e9gie vid\u00e9o pour votre entreprise.","og_url":"https:\/\/thornemarketingvideos.com\/fr\/contact\/","og_site_name":"Thorne Marketing Videos","article_modified_time":"2022-03-24T14:37:15+00:00","og_image":[{"width":1200,"height":628,"url":"https:\/\/thornemarketingvideos.com\/wp-content\/uploads\/FR-5_Contact.jpg","type":"image\/jpeg"}],"twitter_card":"summary_large_image","schema":{"@context":"https:\/\/schema.org","@graph":[{"@type":"WebPage","@id":"https:\/\/thornemarketingvideos.com\/fr\/contact\/","url":"https:\/\/thornemarketingvideos.com\/fr\/contact\/","name":"Contact - Thorne Marketing Videos","isPartOf":{"@id":"https:\/\/thornemarketingvideos.com\/#website"},"primaryImageOfPage":{"@id":"https:\/\/thornemarketingvideos.com\/fr\/contact\/#primaryimage"},"image":{"@id":"https:\/\/thornemarketingvideos.com\/fr\/contact\/#primaryimage"},"thumbnailUrl":"https:\/\/thornemarketingvideos.com\/wp-content\/uploads\/FR-5_Contact.jpg","datePublished":"2021-12-27T15:45:40+00:00","dateModified":"2022-03-24T14:37:15+00:00","description":"\u00c9crivez-moi ou prenez un rendez-vous pour un premier appel de d\u00e9couverte, jasons d\u2019id\u00e9es et cr\u00e9ons une strat\u00e9gie vid\u00e9o pour votre entreprise.","breadcrumb":{"@id":"https:\/\/thornemarketingvideos.com\/fr\/contact\/#breadcrumb"},"inLanguage":"fr-FR","potentialAction":[{"@type":"ReadAction","target":["https:\/\/thornemarketingvideos.com\/fr\/contact\/"]}]},{"@type":"ImageObject","inLanguage":"fr-FR","@id":"https:\/\/thornemarketingvideos.com\/fr\/contact\/#primaryimage","url":"https:\/\/thornemarketingvideos.com\/wp-content\/uploads\/FR-5_Contact.jpg","contentUrl":"https:\/\/thornemarketingvideos.com\/wp-content\/uploads\/FR-5_Contact.jpg","width":1200,"height":628,"caption":"FR Contact"},{"@type":"BreadcrumbList","@id":"https:\/\/thornemarketingvideos.com\/fr\/contact\/#breadcrumb","itemListElement":[{"@type":"ListItem","position":1,"name":"Accueil","item":"https:\/\/thornemarketingvideos.com\/fr\/"},{"@type":"ListItem","position":2,"name":"Contact"}]},{"@type":"WebSite","@id":"https:\/\/thornemarketingvideos.com\/#website","url":"https:\/\/thornemarketingvideos.com\/","name":"Thorne Marketing Videos","description":"Promotional Video Production and Strategy","potentialAction":[{"@type":"SearchAction","target":{"@type":"EntryPoint","urlTemplate":"https:\/\/thornemarketingvideos.com\/?s={search_term_string}"},"query-input":{"@type":"PropertyValueSpecification","valueRequired":true,"valueName":"search_term_string"}}],"inLanguage":"fr-FR"}]}},"_links":{"self":[{"href":"https:\/\/thornemarketingvideos.com\/fr\/wp-json\/wp\/v2\/pages\/592","targetHints":{"allow":["GET"]}}],"collection":[{"href":"https:\/\/thornemarketingvideos.com\/fr\/wp-json\/wp\/v2\/pages"}],"about":[{"href":"https:\/\/thornemarketingvideos.com\/fr\/wp-json\/wp\/v2\/types\/page"}],"author":[{"embeddable":true,"href":"https:\/\/thornemarketingvideos.com\/fr\/wp-json\/wp\/v2\/users\/1"}],"replies":[{"embeddable":true,"href":"https:\/\/thornemarketingvideos.com\/fr\/wp-json\/wp\/v2\/comments?post=592"}],"version-history":[{"count":6,"href":"https:\/\/thornemarketingvideos.com\/fr\/wp-json\/wp\/v2\/pages\/592\/revisions"}],"predecessor-version":[{"id":889,"href":"https:\/\/thornemarketingvideos.com\/fr\/wp-json\/wp\/v2\/pages\/592\/revisions\/889"}],"wp:featuredmedia":[{"embeddable":true,"href":"https:\/\/thornemarketingvideos.com\/fr\/wp-json\/wp\/v2\/media\/620"}],"wp:attachment":[{"href":"https:\/\/thornemarketingvideos.com\/fr\/wp-json\/wp\/v2\/media?parent=592"}],"curies":[{"name":"wp","href":"https:\/\/api.w.org\/{rel}","templated":true}]}}