{"id":588,"date":"2022-01-23T14:09:06","date_gmt":"2022-01-23T19:09:06","guid":{"rendered":"https:\/\/thornemarketingvideos.com\/event-videos\/"},"modified":"2022-12-14T13:37:53","modified_gmt":"2022-12-14T18:37:53","slug":"videos-evenementielles","status":"publish","type":"page","link":"https:\/\/thornemarketingvideos.com\/fr\/services\/videos-evenementielles\/","title":{"rendered":"Vid\u00e9os \u00c9v\u00e8nementielles"},"content":{"rendered":"\n\n\t\t\t<h1>Vid\u00e9os<br \/>\u00c9venementielles<\/h1>\t\t\t\n\t\t\t\t<p>Des vid\u00e9os \u00e9v\u00e9nementielles aident \u00e0 capturer un moment unique et en faire un souvenir. Elles aident aussi \u00e0 cr\u00e9er de l&rsquo;attraction pour des \u00e9v\u00e9nements futurs.<\/p>\n<p>Quand on pense \u00e0 \u00e9venement, on pense \u00e0 des spectacles, des d\u00e9fil\u00e9s ou des prestations de grande envergure, mais on peut aussi inclure des \u00e9v\u00e9nements corporatifs uniques comme des ouvertures, des photoshoots, des activit\u00e9s de financement entre autres.<\/p>\n<p>\u00c9crivez-moi ou prenez un rendez-vous pour un premier appel de d\u00e9couverte si vous voulez utiliser la vid\u00e9o pour immortaliser votre prochain \u00e9venement.<\/p>\n\t\t\t<h2>Nos Projets<\/h2>\t\t\t\n\t\t\t\t<p>Voici quelques exemples de Vid\u00e9os \u00c9venementielles que nous avons r\u00e9alis\u00e9s:<\/p>\n\t\t\t\t\t<a href=\"https:\/\/www.youtube.com\/watch?v=rPp7Gpw3ejc\" data-fancybox=\"uabb-video-gallery\" data-url=\"https:\/\/www.youtube.com\/embed\/rPp7Gpw3ejc?autoplay=1&#038;version=3&#038;enablejsapi=1\"class=\"uabb-video-gallery-fancybox uabb-vg__play_full \">\t\t\t\t\t\t\n\t\t\t\t\t<\/a>\t\t\t\t\n\t\t\t\t\t<a href=\"https:\/\/www.youtube.com\/watch?v=i09esj0lTVY\" data-fancybox=\"uabb-video-gallery\" data-url=\"https:\/\/www.youtube.com\/embed\/i09esj0lTVY?autoplay=1&#038;version=3&#038;enablejsapi=1\"class=\"uabb-video-gallery-fancybox uabb-vg__play_full \">\t\t\t\t\t\t\n\t\t\t\t\t<\/a>\t\t\t\t\n\t\t\t\t\t<a href=\"https:\/\/www.youtube.com\/watch?v=ooy8BzSlpts\" data-fancybox=\"uabb-video-gallery\" data-url=\"https:\/\/www.youtube.com\/embed\/ooy8BzSlpts?autoplay=1&#038;version=3&#038;enablejsapi=1\"class=\"uabb-video-gallery-fancybox uabb-vg__play_full \">\t\t\t\t\t\t\n\t\t\t\t\t<\/a>\t\t\t\t\n\t\t\t\t\t<a href=\"https:\/\/www.youtube.com\/watch?v=HEe-pSkjiSE\" data-fancybox=\"uabb-video-gallery\" data-url=\"https:\/\/www.youtube.com\/embed\/HEe-pSkjiSE?autoplay=1&#038;version=3&#038;enablejsapi=1\"class=\"uabb-video-gallery-fancybox uabb-vg__play_full \">\t\t\t\t\t\t\n\t\t\t\t\t<\/a>\t\t\t\t\n\t\t\t\t\t<a href=\"https:\/\/www.youtube.com\/watch?v=mTW2fa0HSxE\" data-fancybox=\"uabb-video-gallery\" data-url=\"https:\/\/www.youtube.com\/embed\/mTW2fa0HSxE?autoplay=1&#038;version=3&#038;enablejsapi=1\"class=\"uabb-video-gallery-fancybox uabb-vg__play_full \">\t\t\t\t\t\t\n\t\t\t\t\t<\/a>\t\t\t\t\n\t\t\t\t\t<a href=\"https:\/\/www.youtube.com\/watch?v=9OZYW_j34KY\" data-fancybox=\"uabb-video-gallery\" data-url=\"https:\/\/www.youtube.com\/embed\/9OZYW_j34KY?autoplay=1&#038;version=3&#038;enablejsapi=1\"class=\"uabb-video-gallery-fancybox uabb-vg__play_full \">\t\t\t\t\t\t\n\t\t\t\t\t<\/a>\t\t\t\t\n\t\t\t\t\t<a href=\"https:\/\/www.youtube.com\/watch?v=qv-Gfo-umwg\" data-fancybox=\"uabb-video-gallery\" data-url=\"https:\/\/www.youtube.com\/embed\/qv-Gfo-umwg?autoplay=1&#038;version=3&#038;enablejsapi=1\"class=\"uabb-video-gallery-fancybox uabb-vg__play_full \">\t\t\t\t\t\t\n\t\t\t\t\t<\/a>\t\t\t\t\n\t\t\t<a href=\"void(0);\" target=\"_self\" role=\"button\" aria-label=\"Voir  + de vid\u00e9os\" rel=\"noopener\">\n\t\t\t\t\t\t\tVoir  + de vid\u00e9os\n\t\t<\/a>\n\n","protected":false},"excerpt":{"rendered":"<p>Vid\u00e9os\u00c9venementielles Des vid\u00e9os \u00e9v\u00e9nementielles aident \u00e0 capturer un moment unique et en faire un souvenir. Elles aident aussi \u00e0 cr\u00e9er de l&rsquo;attraction pour des \u00e9v\u00e9nements futurs. Quand on pense \u00e0 \u00e9venement, on pense \u00e0 des spectacles, des d\u00e9fil\u00e9s ou des prestations de grande envergure, mais on peut aussi inclure des \u00e9v\u00e9nements corporatifs uniques comme des [&hellip;]<\/p>\n","protected":false},"author":1,"featured_media":625,"parent":605,"menu_order":0,"comment_status":"closed","ping_status":"closed","template":"","meta":{"_monsterinsights_skip_tracking":false,"_monsterinsights_sitenote_active":false,"_monsterinsights_sitenote_note":"","_monsterinsights_sitenote_category":0,"site-sidebar-layout":"no-sidebar","site-content-layout":"page-builder","ast-site-content-layout":"default","site-content-style":"default","site-sidebar-style":"default","ast-global-header-display":"","ast-banner-title-visibility":"","ast-main-header-display":"","ast-hfb-above-header-display":"","ast-hfb-below-header-display":"","ast-hfb-mobile-header-display":"","site-post-title":"disabled","ast-breadcrumbs-content":"","ast-featured-img":"disabled","footer-sml-layout":"","ast-disable-related-posts":"","theme-transparent-header-meta":"","adv-header-id-meta":"","stick-header-meta":"","header-above-stick-meta":"","header-main-stick-meta":"","header-below-stick-meta":"","astra-migrate-meta-layouts":"default","ast-page-background-enabled":"default","ast-page-background-meta":{"desktop":{"background-color":"","background-image":"","background-repeat":"repeat","background-position":"center center","background-size":"auto","background-attachment":"scroll","background-type":"","background-media":"","overlay-type":"","overlay-color":"","overlay-opacity":"","overlay-gradient":""},"tablet":{"background-color":"","background-image":"","background-repeat":"repeat","background-position":"center center","background-size":"auto","background-attachment":"scroll","background-type":"","background-media":"","overlay-type":"","overlay-color":"","overlay-opacity":"","overlay-gradient":""},"mobile":{"background-color":"","background-image":"","background-repeat":"repeat","background-position":"center center","background-size":"auto","background-attachment":"scroll","background-type":"","background-media":"","overlay-type":"","overlay-color":"","overlay-opacity":"","overlay-gradient":""}},"ast-content-background-meta":{"desktop":{"background-color":"var(--ast-global-color-5)","background-image":"","background-repeat":"repeat","background-position":"center center","background-size":"auto","background-attachment":"scroll","background-type":"","background-media":"","overlay-type":"","overlay-color":"","overlay-opacity":"","overlay-gradient":""},"tablet":{"background-color":"var(--ast-global-color-5)","background-image":"","background-repeat":"repeat","background-position":"center center","background-size":"auto","background-attachment":"scroll","background-type":"","background-media":"","overlay-type":"","overlay-color":"","overlay-opacity":"","overlay-gradient":""},"mobile":{"background-color":"var(--ast-global-color-5)","background-image":"","background-repeat":"repeat","background-position":"center center","background-size":"auto","background-attachment":"scroll","background-type":"","background-media":"","overlay-type":"","overlay-color":"","overlay-opacity":"","overlay-gradient":""}},"footnotes":""},"class_list":["post-588","page","type-page","status-publish","has-post-thumbnail","hentry"],"yoast_head":"<!-- This site is optimized with the Yoast SEO plugin v26.6 - https:\/\/yoast.com\/wordpress\/plugins\/seo\/ -->\n<title>Vid\u00e9os \u00c9v\u00e8nementielles - Thorne Marketing Videos<\/title>\n<meta name=\"description\" content=\"Des vid\u00e9os \u00e9v\u00e9nementielles capturent un moment unique et en font un souvenir, en plus de cr\u00e9er de l\u2019attraction pour des \u00e9v\u00e9nements futurs.\" \/>\n<meta name=\"robots\" content=\"index, follow, max-snippet:-1, max-image-preview:large, max-video-preview:-1\" \/>\n<link rel=\"canonical\" href=\"https:\/\/thornemarketingvideos.com\/fr\/services\/videos-evenementielles\/\" \/>\n<meta property=\"og:locale\" content=\"fr_FR\" \/>\n<meta property=\"og:type\" content=\"article\" \/>\n<meta property=\"og:title\" content=\"Vid\u00e9os \u00c9v\u00e8nementielles - Thorne Marketing Videos\" \/>\n<meta property=\"og:description\" content=\"Des vid\u00e9os \u00e9v\u00e9nementielles capturent un moment unique et en font un souvenir, en plus de cr\u00e9er de l\u2019attraction pour des \u00e9v\u00e9nements futurs.\" \/>\n<meta property=\"og:url\" content=\"https:\/\/thornemarketingvideos.com\/fr\/services\/videos-evenementielles\/\" \/>\n<meta property=\"og:site_name\" content=\"Thorne Marketing Videos\" \/>\n<meta property=\"article:modified_time\" content=\"2022-12-14T18:37:53+00:00\" \/>\n<meta property=\"og:image\" content=\"https:\/\/thornemarketingvideos.com\/wp-content\/uploads\/FR-3_VideoEvenementielles.jpg\" \/>\n\t<meta property=\"og:image:width\" content=\"1200\" \/>\n\t<meta property=\"og:image:height\" content=\"628\" \/>\n\t<meta property=\"og:image:type\" content=\"image\/jpeg\" \/>\n<meta name=\"twitter:card\" content=\"summary_large_image\" \/>\n<meta name=\"twitter:label1\" content=\"Dur\u00e9e de lecture estim\u00e9e\" \/>\n\t<meta name=\"twitter:data1\" content=\"1 minute\" \/>\n<script type=\"application\/ld+json\" class=\"yoast-schema-graph\">{\"@context\":\"https:\/\/schema.org\",\"@graph\":[{\"@type\":\"WebPage\",\"@id\":\"https:\/\/thornemarketingvideos.com\/fr\/services\/videos-evenementielles\/\",\"url\":\"https:\/\/thornemarketingvideos.com\/fr\/services\/videos-evenementielles\/\",\"name\":\"Vid\u00e9os \u00c9v\u00e8nementielles - Thorne Marketing Videos\",\"isPartOf\":{\"@id\":\"https:\/\/thornemarketingvideos.com\/#website\"},\"primaryImageOfPage\":{\"@id\":\"https:\/\/thornemarketingvideos.com\/fr\/services\/videos-evenementielles\/#primaryimage\"},\"image\":{\"@id\":\"https:\/\/thornemarketingvideos.com\/fr\/services\/videos-evenementielles\/#primaryimage\"},\"thumbnailUrl\":\"https:\/\/thornemarketingvideos.com\/wp-content\/uploads\/FR-3_VideoEvenementielles.jpg\",\"datePublished\":\"2022-01-23T19:09:06+00:00\",\"dateModified\":\"2022-12-14T18:37:53+00:00\",\"description\":\"Des vid\u00e9os \u00e9v\u00e9nementielles capturent un moment unique et en font un souvenir, en plus de cr\u00e9er de l\u2019attraction pour des \u00e9v\u00e9nements futurs.\",\"breadcrumb\":{\"@id\":\"https:\/\/thornemarketingvideos.com\/fr\/services\/videos-evenementielles\/#breadcrumb\"},\"inLanguage\":\"fr-FR\",\"potentialAction\":[{\"@type\":\"ReadAction\",\"target\":[\"https:\/\/thornemarketingvideos.com\/fr\/services\/videos-evenementielles\/\"]}]},{\"@type\":\"ImageObject\",\"inLanguage\":\"fr-FR\",\"@id\":\"https:\/\/thornemarketingvideos.com\/fr\/services\/videos-evenementielles\/#primaryimage\",\"url\":\"https:\/\/thornemarketingvideos.com\/wp-content\/uploads\/FR-3_VideoEvenementielles.jpg\",\"contentUrl\":\"https:\/\/thornemarketingvideos.com\/wp-content\/uploads\/FR-3_VideoEvenementielles.jpg\",\"width\":1200,\"height\":628,\"caption\":\"FR VideoEvenementielles\"},{\"@type\":\"BreadcrumbList\",\"@id\":\"https:\/\/thornemarketingvideos.com\/fr\/services\/videos-evenementielles\/#breadcrumb\",\"itemListElement\":[{\"@type\":\"ListItem\",\"position\":1,\"name\":\"Accueil\",\"item\":\"https:\/\/thornemarketingvideos.com\/fr\/\"},{\"@type\":\"ListItem\",\"position\":2,\"name\":\"Services\",\"item\":\"https:\/\/thornemarketingvideos.com\/fr\/services-2\/\"},{\"@type\":\"ListItem\",\"position\":3,\"name\":\"Vid\u00e9os \u00c9v\u00e8nementielles\"}]},{\"@type\":\"WebSite\",\"@id\":\"https:\/\/thornemarketingvideos.com\/#website\",\"url\":\"https:\/\/thornemarketingvideos.com\/\",\"name\":\"Thorne Marketing Videos\",\"description\":\"Promotional Video Production and Strategy\",\"potentialAction\":[{\"@type\":\"SearchAction\",\"target\":{\"@type\":\"EntryPoint\",\"urlTemplate\":\"https:\/\/thornemarketingvideos.com\/?s={search_term_string}\"},\"query-input\":{\"@type\":\"PropertyValueSpecification\",\"valueRequired\":true,\"valueName\":\"search_term_string\"}}],\"inLanguage\":\"fr-FR\"}]}<\/script>\n<!-- \/ Yoast SEO plugin. -->","yoast_head_json":{"title":"Vid\u00e9os \u00c9v\u00e8nementielles - Thorne Marketing Videos","description":"Des vid\u00e9os \u00e9v\u00e9nementielles capturent un moment unique et en font un souvenir, en plus de cr\u00e9er de l\u2019attraction pour des \u00e9v\u00e9nements futurs.","robots":{"index":"index","follow":"follow","max-snippet":"max-snippet:-1","max-image-preview":"max-image-preview:large","max-video-preview":"max-video-preview:-1"},"canonical":"https:\/\/thornemarketingvideos.com\/fr\/services\/videos-evenementielles\/","og_locale":"fr_FR","og_type":"article","og_title":"Vid\u00e9os \u00c9v\u00e8nementielles - Thorne Marketing Videos","og_description":"Des vid\u00e9os \u00e9v\u00e9nementielles capturent un moment unique et en font un souvenir, en plus de cr\u00e9er de l\u2019attraction pour des \u00e9v\u00e9nements futurs.","og_url":"https:\/\/thornemarketingvideos.com\/fr\/services\/videos-evenementielles\/","og_site_name":"Thorne Marketing Videos","article_modified_time":"2022-12-14T18:37:53+00:00","og_image":[{"width":1200,"height":628,"url":"https:\/\/thornemarketingvideos.com\/wp-content\/uploads\/FR-3_VideoEvenementielles.jpg","type":"image\/jpeg"}],"twitter_card":"summary_large_image","twitter_misc":{"Dur\u00e9e de lecture estim\u00e9e":"1 minute"},"schema":{"@context":"https:\/\/schema.org","@graph":[{"@type":"WebPage","@id":"https:\/\/thornemarketingvideos.com\/fr\/services\/videos-evenementielles\/","url":"https:\/\/thornemarketingvideos.com\/fr\/services\/videos-evenementielles\/","name":"Vid\u00e9os \u00c9v\u00e8nementielles - Thorne Marketing Videos","isPartOf":{"@id":"https:\/\/thornemarketingvideos.com\/#website"},"primaryImageOfPage":{"@id":"https:\/\/thornemarketingvideos.com\/fr\/services\/videos-evenementielles\/#primaryimage"},"image":{"@id":"https:\/\/thornemarketingvideos.com\/fr\/services\/videos-evenementielles\/#primaryimage"},"thumbnailUrl":"https:\/\/thornemarketingvideos.com\/wp-content\/uploads\/FR-3_VideoEvenementielles.jpg","datePublished":"2022-01-23T19:09:06+00:00","dateModified":"2022-12-14T18:37:53+00:00","description":"Des vid\u00e9os \u00e9v\u00e9nementielles capturent un moment unique et en font un souvenir, en plus de cr\u00e9er de l\u2019attraction pour des \u00e9v\u00e9nements futurs.","breadcrumb":{"@id":"https:\/\/thornemarketingvideos.com\/fr\/services\/videos-evenementielles\/#breadcrumb"},"inLanguage":"fr-FR","potentialAction":[{"@type":"ReadAction","target":["https:\/\/thornemarketingvideos.com\/fr\/services\/videos-evenementielles\/"]}]},{"@type":"ImageObject","inLanguage":"fr-FR","@id":"https:\/\/thornemarketingvideos.com\/fr\/services\/videos-evenementielles\/#primaryimage","url":"https:\/\/thornemarketingvideos.com\/wp-content\/uploads\/FR-3_VideoEvenementielles.jpg","contentUrl":"https:\/\/thornemarketingvideos.com\/wp-content\/uploads\/FR-3_VideoEvenementielles.jpg","width":1200,"height":628,"caption":"FR VideoEvenementielles"},{"@type":"BreadcrumbList","@id":"https:\/\/thornemarketingvideos.com\/fr\/services\/videos-evenementielles\/#breadcrumb","itemListElement":[{"@type":"ListItem","position":1,"name":"Accueil","item":"https:\/\/thornemarketingvideos.com\/fr\/"},{"@type":"ListItem","position":2,"name":"Services","item":"https:\/\/thornemarketingvideos.com\/fr\/services-2\/"},{"@type":"ListItem","position":3,"name":"Vid\u00e9os \u00c9v\u00e8nementielles"}]},{"@type":"WebSite","@id":"https:\/\/thornemarketingvideos.com\/#website","url":"https:\/\/thornemarketingvideos.com\/","name":"Thorne Marketing Videos","description":"Promotional Video Production and Strategy","potentialAction":[{"@type":"SearchAction","target":{"@type":"EntryPoint","urlTemplate":"https:\/\/thornemarketingvideos.com\/?s={search_term_string}"},"query-input":{"@type":"PropertyValueSpecification","valueRequired":true,"valueName":"search_term_string"}}],"inLanguage":"fr-FR"}]}},"_links":{"self":[{"href":"https:\/\/thornemarketingvideos.com\/fr\/wp-json\/wp\/v2\/pages\/588","targetHints":{"allow":["GET"]}}],"collection":[{"href":"https:\/\/thornemarketingvideos.com\/fr\/wp-json\/wp\/v2\/pages"}],"about":[{"href":"https:\/\/thornemarketingvideos.com\/fr\/wp-json\/wp\/v2\/types\/page"}],"author":[{"embeddable":true,"href":"https:\/\/thornemarketingvideos.com\/fr\/wp-json\/wp\/v2\/users\/1"}],"replies":[{"embeddable":true,"href":"https:\/\/thornemarketingvideos.com\/fr\/wp-json\/wp\/v2\/comments?post=588"}],"version-history":[{"count":8,"href":"https:\/\/thornemarketingvideos.com\/fr\/wp-json\/wp\/v2\/pages\/588\/revisions"}],"predecessor-version":[{"id":969,"href":"https:\/\/thornemarketingvideos.com\/fr\/wp-json\/wp\/v2\/pages\/588\/revisions\/969"}],"up":[{"embeddable":true,"href":"https:\/\/thornemarketingvideos.com\/fr\/wp-json\/wp\/v2\/pages\/605"}],"wp:featuredmedia":[{"embeddable":true,"href":"https:\/\/thornemarketingvideos.com\/fr\/wp-json\/wp\/v2\/media\/625"}],"wp:attachment":[{"href":"https:\/\/thornemarketingvideos.com\/fr\/wp-json\/wp\/v2\/media?parent=588"}],"curies":[{"name":"wp","href":"https:\/\/api.w.org\/{rel}","templated":true}]}}