{"id":586,"date":"2022-01-23T14:09:22","date_gmt":"2022-01-23T19:09:22","guid":{"rendered":"https:\/\/thornemarketingvideos.com\/other-services\/"},"modified":"2023-02-06T09:33:32","modified_gmt":"2023-02-06T14:33:32","slug":"services-connexes","status":"publish","type":"page","link":"https:\/\/thornemarketingvideos.com\/fr\/services\/services-connexes\/","title":{"rendered":"Services Connexes"},"content":{"rendered":"\n\n\t\t\t<h1>Services<br \/>Connexes<\/h1>\t\t\t\n\t\t\t\t<p>En plus de faire de la production vid\u00e9o, on offre aussi un service connexe de photographie, que \u00e7a soit de la photo par drone, ou des photos d&rsquo;\u00e9quipes, de portraits ou de produits.<\/p>\n\t\t\t<h2>Nos Projets<\/h2>\t\t\t\n\t\t\t\t<p>Voici quelques exemples de projets que nous avons r\u00e9alis\u00e9s:<\/p>\n\t\t\t\t\t<a href=\"https:\/\/www.youtube.com\/watch?v=cAsUqX8aCHU\" data-fancybox=\"uabb-video-gallery\" data-url=\"https:\/\/www.youtube.com\/embed\/cAsUqX8aCHU?autoplay=1&#038;version=3&#038;enablejsapi=1\"class=\"uabb-video-gallery-fancybox uabb-vg__play_full \">\t\t\t\t\t\t\n\t\t\t\t\t<\/a>\t\t\t\t\n\t\t\t\t\t<a href=\"https:\/\/www.youtube.com\/watch?v=mttLgrcyd9M\" data-fancybox=\"uabb-video-gallery\" data-url=\"https:\/\/www.youtube.com\/embed\/mttLgrcyd9M?autoplay=1&#038;version=3&#038;enablejsapi=1\"class=\"uabb-video-gallery-fancybox uabb-vg__play_full \">\t\t\t\t\t\t\n\t\t\t\t\t<\/a>\t\t\t\t\n\t\t\t\t\t<a href=\"https:\/\/www.youtube.com\/watch?v=AM5qvUz7wAI\" data-fancybox=\"uabb-video-gallery\" data-url=\"https:\/\/www.youtube.com\/embed\/AM5qvUz7wAI?autoplay=1&#038;version=3&#038;enablejsapi=1\"class=\"uabb-video-gallery-fancybox uabb-vg__play_full \">\t\t\t\t\t\t\n\t\t\t\t\t<\/a>\t\t\t\t\n\t\t\t\t\t<a href=\"https:\/\/www.youtube.com\/watch?v=3ZzIHdXfwE0\" data-fancybox=\"uabb-video-gallery\" data-url=\"https:\/\/www.youtube.com\/embed\/3ZzIHdXfwE0?autoplay=1&#038;version=3&#038;enablejsapi=1\"class=\"uabb-video-gallery-fancybox uabb-vg__play_full \">\t\t\t\t\t\t\n\t\t\t\t\t<\/a>\t\t\t\t\n\t\t\t\t\t<a href=\"https:\/\/www.youtube.com\/watch?v=oi9u4N9G5n8\" data-fancybox=\"uabb-video-gallery\" data-url=\"https:\/\/www.youtube.com\/embed\/oi9u4N9G5n8?autoplay=1&#038;version=3&#038;enablejsapi=1\"class=\"uabb-video-gallery-fancybox uabb-vg__play_full \">\t\t\t\t\t\t\n\t\t\t\t\t<\/a>\t\t\t\t\n\t\t\t\t\t<a href=\"https:\/\/www.youtube.com\/watch?v=HW1qT-XKjAc\" data-fancybox=\"uabb-video-gallery\" data-url=\"https:\/\/www.youtube.com\/embed\/HW1qT-XKjAc?autoplay=1&#038;version=3&#038;enablejsapi=1\"class=\"uabb-video-gallery-fancybox uabb-vg__play_full \">\t\t\t\t\t\t\n\t\t\t\t\t<\/a>\t\t\t\t\n\t\t\t\t\t<a href=\"https:\/\/www.youtube.com\/watch?v=WOR5wGkUXBE\" data-fancybox=\"uabb-video-gallery\" data-url=\"https:\/\/www.youtube.com\/embed\/WOR5wGkUXBE?autoplay=1&#038;version=3&#038;enablejsapi=1\"class=\"uabb-video-gallery-fancybox uabb-vg__play_full \">\t\t\t\t\t\t\n\t\t\t\t\t<\/a>\t\t\t\t\n\t\t\t\t\t<a href=\"https:\/\/www.youtube.com\/watch?v=C2chZdRgqTM\" data-fancybox=\"uabb-video-gallery\" data-url=\"https:\/\/www.youtube.com\/embed\/C2chZdRgqTM?autoplay=1&#038;version=3&#038;enablejsapi=1\"class=\"uabb-video-gallery-fancybox uabb-vg__play_full \">\t\t\t\t\t\t\n\t\t\t\t\t<\/a>\t\t\t\t\n\t\t\t<a href=\"void(0);\" target=\"_self\" role=\"button\" aria-label=\"Voir + de vid\u00e9os\" rel=\"noopener\">\n\t\t\t\t\t\t\tVoir + de vid\u00e9os\n\t\t<\/a>\n\n","protected":false},"excerpt":{"rendered":"<p>ServicesConnexes En plus de faire de la production vid\u00e9o, on offre aussi un service connexe de photographie, que \u00e7a soit de la photo par drone, ou des photos d&rsquo;\u00e9quipes, de portraits ou de produits. Nos Projets Voici quelques exemples de projets que nous avons r\u00e9alis\u00e9s: Voir + de vid\u00e9os<\/p>\n","protected":false},"author":1,"featured_media":669,"parent":605,"menu_order":0,"comment_status":"closed","ping_status":"closed","template":"","meta":{"_monsterinsights_skip_tracking":false,"_monsterinsights_sitenote_active":false,"_monsterinsights_sitenote_note":"","_monsterinsights_sitenote_category":0,"site-sidebar-layout":"no-sidebar","site-content-layout":"page-builder","ast-site-content-layout":"default","site-content-style":"default","site-sidebar-style":"default","ast-global-header-display":"","ast-banner-title-visibility":"","ast-main-header-display":"","ast-hfb-above-header-display":"","ast-hfb-below-header-display":"","ast-hfb-mobile-header-display":"","site-post-title":"disabled","ast-breadcrumbs-content":"","ast-featured-img":"disabled","footer-sml-layout":"","ast-disable-related-posts":"","theme-transparent-header-meta":"","adv-header-id-meta":"","stick-header-meta":"","header-above-stick-meta":"","header-main-stick-meta":"","header-below-stick-meta":"","astra-migrate-meta-layouts":"default","ast-page-background-enabled":"default","ast-page-background-meta":{"desktop":{"background-color":"","background-image":"","background-repeat":"repeat","background-position":"center center","background-size":"auto","background-attachment":"scroll","background-type":"","background-media":"","overlay-type":"","overlay-color":"","overlay-opacity":"","overlay-gradient":""},"tablet":{"background-color":"","background-image":"","background-repeat":"repeat","background-position":"center center","background-size":"auto","background-attachment":"scroll","background-type":"","background-media":"","overlay-type":"","overlay-color":"","overlay-opacity":"","overlay-gradient":""},"mobile":{"background-color":"","background-image":"","background-repeat":"repeat","background-position":"center center","background-size":"auto","background-attachment":"scroll","background-type":"","background-media":"","overlay-type":"","overlay-color":"","overlay-opacity":"","overlay-gradient":""}},"ast-content-background-meta":{"desktop":{"background-color":"var(--ast-global-color-5)","background-image":"","background-repeat":"repeat","background-position":"center center","background-size":"auto","background-attachment":"scroll","background-type":"","background-media":"","overlay-type":"","overlay-color":"","overlay-opacity":"","overlay-gradient":""},"tablet":{"background-color":"var(--ast-global-color-5)","background-image":"","background-repeat":"repeat","background-position":"center center","background-size":"auto","background-attachment":"scroll","background-type":"","background-media":"","overlay-type":"","overlay-color":"","overlay-opacity":"","overlay-gradient":""},"mobile":{"background-color":"var(--ast-global-color-5)","background-image":"","background-repeat":"repeat","background-position":"center center","background-size":"auto","background-attachment":"scroll","background-type":"","background-media":"","overlay-type":"","overlay-color":"","overlay-opacity":"","overlay-gradient":""}},"footnotes":""},"class_list":["post-586","page","type-page","status-publish","has-post-thumbnail","hentry"],"yoast_head":"<!-- This site is optimized with the Yoast SEO plugin v26.6 - https:\/\/yoast.com\/wordpress\/plugins\/seo\/ -->\n<title>Services Connexes - Thorne Marketing Videos<\/title>\n<meta name=\"description\" content=\"En plus de faire de la production vid\u00e9o, on propose d\u2019autres services pour compl\u00e9menter votre strat\u00e9gie, comme la photographie..\" \/>\n<meta name=\"robots\" content=\"index, follow, max-snippet:-1, max-image-preview:large, max-video-preview:-1\" \/>\n<link rel=\"canonical\" href=\"https:\/\/thornemarketingvideos.com\/fr\/services\/services-connexes\/\" \/>\n<meta property=\"og:locale\" content=\"fr_FR\" \/>\n<meta property=\"og:type\" content=\"article\" \/>\n<meta property=\"og:title\" content=\"Services Connexes - Thorne Marketing Videos\" \/>\n<meta property=\"og:description\" content=\"En plus de faire de la production vid\u00e9o, on propose d\u2019autres services pour compl\u00e9menter votre strat\u00e9gie, comme la photographie..\" \/>\n<meta property=\"og:url\" content=\"https:\/\/thornemarketingvideos.com\/fr\/services\/services-connexes\/\" \/>\n<meta property=\"og:site_name\" content=\"Thorne Marketing Videos\" \/>\n<meta property=\"article:modified_time\" content=\"2023-02-06T14:33:32+00:00\" \/>\n<meta property=\"og:image\" content=\"https:\/\/thornemarketingvideos.com\/wp-content\/uploads\/FR-4_ServicesConnexes.jpg\" \/>\n\t<meta property=\"og:image:width\" content=\"1200\" \/>\n\t<meta property=\"og:image:height\" content=\"628\" \/>\n\t<meta property=\"og:image:type\" content=\"image\/jpeg\" \/>\n<meta name=\"twitter:card\" content=\"summary_large_image\" \/>\n<script type=\"application\/ld+json\" class=\"yoast-schema-graph\">{\"@context\":\"https:\/\/schema.org\",\"@graph\":[{\"@type\":\"WebPage\",\"@id\":\"https:\/\/thornemarketingvideos.com\/fr\/services\/services-connexes\/\",\"url\":\"https:\/\/thornemarketingvideos.com\/fr\/services\/services-connexes\/\",\"name\":\"Services Connexes - Thorne Marketing Videos\",\"isPartOf\":{\"@id\":\"https:\/\/thornemarketingvideos.com\/#website\"},\"primaryImageOfPage\":{\"@id\":\"https:\/\/thornemarketingvideos.com\/fr\/services\/services-connexes\/#primaryimage\"},\"image\":{\"@id\":\"https:\/\/thornemarketingvideos.com\/fr\/services\/services-connexes\/#primaryimage\"},\"thumbnailUrl\":\"https:\/\/thornemarketingvideos.com\/wp-content\/uploads\/FR-4_ServicesConnexes.jpg\",\"datePublished\":\"2022-01-23T19:09:22+00:00\",\"dateModified\":\"2023-02-06T14:33:32+00:00\",\"description\":\"En plus de faire de la production vid\u00e9o, on propose d\u2019autres services pour compl\u00e9menter votre strat\u00e9gie, comme la photographie..\",\"breadcrumb\":{\"@id\":\"https:\/\/thornemarketingvideos.com\/fr\/services\/services-connexes\/#breadcrumb\"},\"inLanguage\":\"fr-FR\",\"potentialAction\":[{\"@type\":\"ReadAction\",\"target\":[\"https:\/\/thornemarketingvideos.com\/fr\/services\/services-connexes\/\"]}]},{\"@type\":\"ImageObject\",\"inLanguage\":\"fr-FR\",\"@id\":\"https:\/\/thornemarketingvideos.com\/fr\/services\/services-connexes\/#primaryimage\",\"url\":\"https:\/\/thornemarketingvideos.com\/wp-content\/uploads\/FR-4_ServicesConnexes.jpg\",\"contentUrl\":\"https:\/\/thornemarketingvideos.com\/wp-content\/uploads\/FR-4_ServicesConnexes.jpg\",\"width\":1200,\"height\":628,\"caption\":\"FR ServicesConnexes\"},{\"@type\":\"BreadcrumbList\",\"@id\":\"https:\/\/thornemarketingvideos.com\/fr\/services\/services-connexes\/#breadcrumb\",\"itemListElement\":[{\"@type\":\"ListItem\",\"position\":1,\"name\":\"Accueil\",\"item\":\"https:\/\/thornemarketingvideos.com\/fr\/\"},{\"@type\":\"ListItem\",\"position\":2,\"name\":\"Services\",\"item\":\"https:\/\/thornemarketingvideos.com\/fr\/services-2\/\"},{\"@type\":\"ListItem\",\"position\":3,\"name\":\"Services Connexes\"}]},{\"@type\":\"WebSite\",\"@id\":\"https:\/\/thornemarketingvideos.com\/#website\",\"url\":\"https:\/\/thornemarketingvideos.com\/\",\"name\":\"Thorne Marketing Videos\",\"description\":\"Promotional Video Production and Strategy\",\"potentialAction\":[{\"@type\":\"SearchAction\",\"target\":{\"@type\":\"EntryPoint\",\"urlTemplate\":\"https:\/\/thornemarketingvideos.com\/?s={search_term_string}\"},\"query-input\":{\"@type\":\"PropertyValueSpecification\",\"valueRequired\":true,\"valueName\":\"search_term_string\"}}],\"inLanguage\":\"fr-FR\"}]}<\/script>\n<!-- \/ Yoast SEO plugin. -->","yoast_head_json":{"title":"Services Connexes - Thorne Marketing Videos","description":"En plus de faire de la production vid\u00e9o, on propose d\u2019autres services pour compl\u00e9menter votre strat\u00e9gie, comme la photographie..","robots":{"index":"index","follow":"follow","max-snippet":"max-snippet:-1","max-image-preview":"max-image-preview:large","max-video-preview":"max-video-preview:-1"},"canonical":"https:\/\/thornemarketingvideos.com\/fr\/services\/services-connexes\/","og_locale":"fr_FR","og_type":"article","og_title":"Services Connexes - Thorne Marketing Videos","og_description":"En plus de faire de la production vid\u00e9o, on propose d\u2019autres services pour compl\u00e9menter votre strat\u00e9gie, comme la photographie..","og_url":"https:\/\/thornemarketingvideos.com\/fr\/services\/services-connexes\/","og_site_name":"Thorne Marketing Videos","article_modified_time":"2023-02-06T14:33:32+00:00","og_image":[{"width":1200,"height":628,"url":"https:\/\/thornemarketingvideos.com\/wp-content\/uploads\/FR-4_ServicesConnexes.jpg","type":"image\/jpeg"}],"twitter_card":"summary_large_image","schema":{"@context":"https:\/\/schema.org","@graph":[{"@type":"WebPage","@id":"https:\/\/thornemarketingvideos.com\/fr\/services\/services-connexes\/","url":"https:\/\/thornemarketingvideos.com\/fr\/services\/services-connexes\/","name":"Services Connexes - Thorne Marketing Videos","isPartOf":{"@id":"https:\/\/thornemarketingvideos.com\/#website"},"primaryImageOfPage":{"@id":"https:\/\/thornemarketingvideos.com\/fr\/services\/services-connexes\/#primaryimage"},"image":{"@id":"https:\/\/thornemarketingvideos.com\/fr\/services\/services-connexes\/#primaryimage"},"thumbnailUrl":"https:\/\/thornemarketingvideos.com\/wp-content\/uploads\/FR-4_ServicesConnexes.jpg","datePublished":"2022-01-23T19:09:22+00:00","dateModified":"2023-02-06T14:33:32+00:00","description":"En plus de faire de la production vid\u00e9o, on propose d\u2019autres services pour compl\u00e9menter votre strat\u00e9gie, comme la photographie..","breadcrumb":{"@id":"https:\/\/thornemarketingvideos.com\/fr\/services\/services-connexes\/#breadcrumb"},"inLanguage":"fr-FR","potentialAction":[{"@type":"ReadAction","target":["https:\/\/thornemarketingvideos.com\/fr\/services\/services-connexes\/"]}]},{"@type":"ImageObject","inLanguage":"fr-FR","@id":"https:\/\/thornemarketingvideos.com\/fr\/services\/services-connexes\/#primaryimage","url":"https:\/\/thornemarketingvideos.com\/wp-content\/uploads\/FR-4_ServicesConnexes.jpg","contentUrl":"https:\/\/thornemarketingvideos.com\/wp-content\/uploads\/FR-4_ServicesConnexes.jpg","width":1200,"height":628,"caption":"FR ServicesConnexes"},{"@type":"BreadcrumbList","@id":"https:\/\/thornemarketingvideos.com\/fr\/services\/services-connexes\/#breadcrumb","itemListElement":[{"@type":"ListItem","position":1,"name":"Accueil","item":"https:\/\/thornemarketingvideos.com\/fr\/"},{"@type":"ListItem","position":2,"name":"Services","item":"https:\/\/thornemarketingvideos.com\/fr\/services-2\/"},{"@type":"ListItem","position":3,"name":"Services Connexes"}]},{"@type":"WebSite","@id":"https:\/\/thornemarketingvideos.com\/#website","url":"https:\/\/thornemarketingvideos.com\/","name":"Thorne Marketing Videos","description":"Promotional Video Production and Strategy","potentialAction":[{"@type":"SearchAction","target":{"@type":"EntryPoint","urlTemplate":"https:\/\/thornemarketingvideos.com\/?s={search_term_string}"},"query-input":{"@type":"PropertyValueSpecification","valueRequired":true,"valueName":"search_term_string"}}],"inLanguage":"fr-FR"}]}},"_links":{"self":[{"href":"https:\/\/thornemarketingvideos.com\/fr\/wp-json\/wp\/v2\/pages\/586","targetHints":{"allow":["GET"]}}],"collection":[{"href":"https:\/\/thornemarketingvideos.com\/fr\/wp-json\/wp\/v2\/pages"}],"about":[{"href":"https:\/\/thornemarketingvideos.com\/fr\/wp-json\/wp\/v2\/types\/page"}],"author":[{"embeddable":true,"href":"https:\/\/thornemarketingvideos.com\/fr\/wp-json\/wp\/v2\/users\/1"}],"replies":[{"embeddable":true,"href":"https:\/\/thornemarketingvideos.com\/fr\/wp-json\/wp\/v2\/comments?post=586"}],"version-history":[{"count":6,"href":"https:\/\/thornemarketingvideos.com\/fr\/wp-json\/wp\/v2\/pages\/586\/revisions"}],"predecessor-version":[{"id":978,"href":"https:\/\/thornemarketingvideos.com\/fr\/wp-json\/wp\/v2\/pages\/586\/revisions\/978"}],"up":[{"embeddable":true,"href":"https:\/\/thornemarketingvideos.com\/fr\/wp-json\/wp\/v2\/pages\/605"}],"wp:featuredmedia":[{"embeddable":true,"href":"https:\/\/thornemarketingvideos.com\/fr\/wp-json\/wp\/v2\/media\/669"}],"wp:attachment":[{"href":"https:\/\/thornemarketingvideos.com\/fr\/wp-json\/wp\/v2\/media?parent=586"}],"curies":[{"name":"wp","href":"https:\/\/api.w.org\/{rel}","templated":true}]}}