{"id":583,"date":"2022-01-23T14:18:03","date_gmt":"2022-01-23T19:18:03","guid":{"rendered":"https:\/\/thornemarketingvideos.com\/promotional-videos\/"},"modified":"2023-08-07T12:02:55","modified_gmt":"2023-08-07T17:02:55","slug":"videos-promotionnelles","status":"publish","type":"page","link":"https:\/\/thornemarketingvideos.com\/fr\/services\/videos-promotionnelles\/","title":{"rendered":"Vid\u00e9os Promotionnelles"},"content":{"rendered":"\n\n\t\t\t<h1>Vid\u00e9os<br \/>Promotionnelles<\/h1>\t\t\t\n\t\t\t\t<p>Pour d\u00e9buter en vid\u00e9o, on fait des vid\u00e9os promotionnelles. C&rsquo;est la base de la strat\u00e9gie vid\u00e9o.<\/p>\n<p>Messages de Marque, T\u00e9moignages, Behind the Scenes et Pr\u00e9sentation d&rsquo;\u00e9quipe: Voici seulement quelques exemples de la multitude de types de vid\u00e9os possible \u00e0 r\u00e9aliser. Il va sans dire qu&rsquo;une strat\u00e9gie vid\u00e9o compl\u00e8te\u00a0en contient plusieurs d&rsquo;entre eux.\u00a0<\/p>\n<p>\u00c9crivez-moi ou prenez un rendez-vous pour un premier appel de d\u00e9couverte afin de d\u00e9terminer quelles seraient les meilleures vid\u00e9os promo pour votre strat\u00e9gie.<\/p>\n\t\t\t<h2>Nos Projets<\/h2>\t\t\t\n\t\t\t\t<p>Voici quelques exemples de projets que nous avons r\u00e9alis\u00e9s:<\/p>\n\t\t\t\t\t<a href=\"https:\/\/youtube.com\/watch? v=\/YWx7sKaR3NY\" aria-label=\"uabb-video-gallery\" data-fancybox=\"uabb-video-gallery\" data-url=\"https:\/\/www.youtube.com\/embed\/?autoplay=1&#038;version=3&#038;enablejsapi=1\"class=\"uabb-video-gallery-fancybox uabb-vg__play_full \">\t\t\t\t\t\t\n\t\t\t\t\t<\/a>\t\t\t\t\n\t\t\t\t\t<a href=\"https:\/\/youtube.com\/watch? v=\/YWx7sKaR3NY\" aria-label=\"uabb-video-gallery\" data-fancybox=\"uabb-video-gallery\" data-url=\"https:\/\/www.youtube.com\/embed\/?autoplay=1&#038;version=3&#038;enablejsapi=1\"class=\"uabb-video-gallery-fancybox uabb-vg__play_full \">\t\t\t\t\t\t\n\t\t\t\t\t<\/a>\t\t\t\t\n\t\t\t\t\t<a href=\"https:\/\/www.youtube.com\/watch?v=O4mwvZRnngw\" aria-label=\"uabb-video-gallery\" data-fancybox=\"uabb-video-gallery\" data-url=\"https:\/\/www.youtube.com\/embed\/O4mwvZRnngw?autoplay=1&#038;version=3&#038;enablejsapi=1\"class=\"uabb-video-gallery-fancybox uabb-vg__play_full \">\t\t\t\t\t\t\n\t\t\t\t\t<\/a>\t\t\t\t\n\t\t\t\t\t<a href=\"https:\/\/www.youtube.com\/watch?v=uS5zCA-yliY\" aria-label=\"uabb-video-gallery\" data-fancybox=\"uabb-video-gallery\" data-url=\"https:\/\/www.youtube.com\/embed\/uS5zCA-yliY?autoplay=1&#038;version=3&#038;enablejsapi=1\"class=\"uabb-video-gallery-fancybox uabb-vg__play_full \">\t\t\t\t\t\t\n\t\t\t\t\t<\/a>\t\t\t\t\n\t\t\t\t\t<a href=\"https:\/\/www.youtube.com\/watch?v=SCBmJEXmqwY\" aria-label=\"uabb-video-gallery\" data-fancybox=\"uabb-video-gallery\" data-url=\"https:\/\/www.youtube.com\/embed\/SCBmJEXmqwY?autoplay=1&#038;version=3&#038;enablejsapi=1\"class=\"uabb-video-gallery-fancybox uabb-vg__play_full \">\t\t\t\t\t\t\n\t\t\t\t\t<\/a>\t\t\t\t\n\t\t\t\t\t<a href=\"https:\/\/youtube.com\/watch?v=Taz_TZgkUJ0\" aria-label=\"uabb-video-gallery\" data-fancybox=\"uabb-video-gallery\" data-url=\"https:\/\/www.youtube.com\/embed\/Taz_TZgkUJ0?autoplay=1&#038;version=3&#038;enablejsapi=1\"class=\"uabb-video-gallery-fancybox uabb-vg__play_full \">\t\t\t\t\t\t\n\t\t\t\t\t<\/a>\t\t\t\t\n\t\t\t\t\t<a href=\"https:\/\/www.youtube.com\/watch?v=ykoGLrSsTOI\" aria-label=\"uabb-video-gallery\" data-fancybox=\"uabb-video-gallery\" data-url=\"https:\/\/www.youtube.com\/embed\/ykoGLrSsTOI?autoplay=1&#038;version=3&#038;enablejsapi=1\"class=\"uabb-video-gallery-fancybox uabb-vg__play_full \">\t\t\t\t\t\t\n\t\t\t\t\t<\/a>\t\t\t\t\n\t\t\t\t\t<a href=\"https:\/\/www.youtube.com\/watch?v=sJcy0i-gKlU\" aria-label=\"uabb-video-gallery\" data-fancybox=\"uabb-video-gallery\" data-url=\"https:\/\/www.youtube.com\/embed\/sJcy0i-gKlU?autoplay=1&#038;version=3&#038;enablejsapi=1\"class=\"uabb-video-gallery-fancybox uabb-vg__play_full \">\t\t\t\t\t\t\n\t\t\t\t\t<\/a>\t\t\t\t\n\t\t\t\t\t<a href=\"https:\/\/www.youtube.com\/watch?v=qgpfzxTD__E\" aria-label=\"uabb-video-gallery\" data-fancybox=\"uabb-video-gallery\" data-url=\"https:\/\/www.youtube.com\/embed\/qgpfzxTD__E?autoplay=1&#038;version=3&#038;enablejsapi=1\"class=\"uabb-video-gallery-fancybox uabb-vg__play_full \">\t\t\t\t\t\t\n\t\t\t\t\t<\/a>\t\t\t\t\n\t\t\t\t\t<a href=\"https:\/\/www.youtube.com\/watch?v=8nRdSxM7jJw\" aria-label=\"uabb-video-gallery\" data-fancybox=\"uabb-video-gallery\" data-url=\"https:\/\/www.youtube.com\/embed\/8nRdSxM7jJw?autoplay=1&#038;version=3&#038;enablejsapi=1\"class=\"uabb-video-gallery-fancybox uabb-vg__play_full \">\t\t\t\t\t\t\n\t\t\t\t\t<\/a>\t\t\t\t\n\t\t\t\t\t<a href=\"https:\/\/www.youtube.com\/watch?v=V4spPrfxhVk\" aria-label=\"uabb-video-gallery\" data-fancybox=\"uabb-video-gallery\" data-url=\"https:\/\/www.youtube.com\/embed\/V4spPrfxhVk?autoplay=1&#038;version=3&#038;enablejsapi=1\"class=\"uabb-video-gallery-fancybox uabb-vg__play_full \">\t\t\t\t\t\t\n\t\t\t\t\t<\/a>\t\t\t\t\n\t\t\t\t\t<a href=\"https:\/\/www.youtube.com\/watch?v=yFECWNDboek\" aria-label=\"uabb-video-gallery\" data-fancybox=\"uabb-video-gallery\" data-url=\"https:\/\/www.youtube.com\/embed\/yFECWNDboek?autoplay=1&#038;version=3&#038;enablejsapi=1\"class=\"uabb-video-gallery-fancybox uabb-vg__play_full \">\t\t\t\t\t\t\n\t\t\t\t\t<\/a>\t\t\t\t\n\t\t\t\t\t<a href=\"https:\/\/www.youtube.com\/watch?v=zKNYBT2CGWs\" aria-label=\"uabb-video-gallery\" data-fancybox=\"uabb-video-gallery\" data-url=\"https:\/\/www.youtube.com\/embed\/zKNYBT2CGWs?autoplay=1&#038;version=3&#038;enablejsapi=1\"class=\"uabb-video-gallery-fancybox uabb-vg__play_full \">\t\t\t\t\t\t\n\t\t\t\t\t<\/a>\t\t\t\t\n\t\t\t\t\t<a href=\"https:\/\/www.youtube.com\/watch?v=R1M3qgz4SE0\" aria-label=\"uabb-video-gallery\" data-fancybox=\"uabb-video-gallery\" data-url=\"https:\/\/www.youtube.com\/embed\/R1M3qgz4SE0?autoplay=1&#038;version=3&#038;enablejsapi=1\"class=\"uabb-video-gallery-fancybox uabb-vg__play_full \">\t\t\t\t\t\t\n\t\t\t\t\t<\/a>\t\t\t\t\n\t\t\t\t\t<a href=\"https:\/\/www.youtube.com\/watch?v=ZadqTmaqeas\" aria-label=\"uabb-video-gallery\" data-fancybox=\"uabb-video-gallery\" data-url=\"https:\/\/www.youtube.com\/embed\/ZadqTmaqeas?autoplay=1&#038;version=3&#038;enablejsapi=1\"class=\"uabb-video-gallery-fancybox uabb-vg__play_full \">\t\t\t\t\t\t\n\t\t\t\t\t<\/a>\t\t\t\t\n\t\t\t\t\t<a href=\"https:\/\/www.youtube.com\/watch?v=zgtlkp3EOgM\" aria-label=\"uabb-video-gallery\" data-fancybox=\"uabb-video-gallery\" data-url=\"https:\/\/www.youtube.com\/embed\/zgtlkp3EOgM?autoplay=1&#038;version=3&#038;enablejsapi=1\"class=\"uabb-video-gallery-fancybox uabb-vg__play_full \">\t\t\t\t\t\t\n\t\t\t\t\t<\/a>\t\t\t\t\n\t\t\t\t\t<a href=\"https:\/\/www.youtube.com\/watch?v=jduY2HBMrzU\" aria-label=\"uabb-video-gallery\" data-fancybox=\"uabb-video-gallery\" data-url=\"https:\/\/www.youtube.com\/embed\/jduY2HBMrzU?autoplay=1&#038;version=3&#038;enablejsapi=1\"class=\"uabb-video-gallery-fancybox uabb-vg__play_full \">\t\t\t\t\t\t\n\t\t\t\t\t<\/a>\t\t\t\t\n\t\t\t\t\t<a href=\"https:\/\/www.youtube.com\/watch?v=9oOgtZ_Jc28\" aria-label=\"uabb-video-gallery\" data-fancybox=\"uabb-video-gallery\" data-url=\"https:\/\/www.youtube.com\/embed\/9oOgtZ_Jc28?autoplay=1&#038;version=3&#038;enablejsapi=1\"class=\"uabb-video-gallery-fancybox uabb-vg__play_full \">\t\t\t\t\t\t\n\t\t\t\t\t<\/a>\t\t\t\t\n\t\t\t\t\t<a href=\"https:\/\/www.youtube.com\/watch?v=fT5arxhJbJI\" aria-label=\"uabb-video-gallery\" data-fancybox=\"uabb-video-gallery\" data-url=\"https:\/\/www.youtube.com\/embed\/fT5arxhJbJI?autoplay=1&#038;version=3&#038;enablejsapi=1\"class=\"uabb-video-gallery-fancybox uabb-vg__play_full \">\t\t\t\t\t\t\n\t\t\t\t\t<\/a>\t\t\t\t\n\t\t\t\t\t<a href=\"https:\/\/www.youtube.com\/watch?v=RTKTHX53_JY\" aria-label=\"uabb-video-gallery\" data-fancybox=\"uabb-video-gallery\" data-url=\"https:\/\/www.youtube.com\/embed\/RTKTHX53_JY?autoplay=1&#038;version=3&#038;enablejsapi=1\"class=\"uabb-video-gallery-fancybox uabb-vg__play_full \">\t\t\t\t\t\t\n\t\t\t\t\t<\/a>\t\t\t\t\n\t\t\t\t\t<a href=\"https:\/\/www.youtube.com\/watch?v=4Zud_tIhHdM\" aria-label=\"uabb-video-gallery\" data-fancybox=\"uabb-video-gallery\" data-url=\"https:\/\/www.youtube.com\/embed\/4Zud_tIhHdM?autoplay=1&#038;version=3&#038;enablejsapi=1\"class=\"uabb-video-gallery-fancybox uabb-vg__play_full \">\t\t\t\t\t\t\n\t\t\t\t\t<\/a>\t\t\t\t\n\t\t\t<a href=\"void(0);\" target=\"_self\" role=\"button\" aria-label=\"Voir  + de vid\u00e9os\" rel=\"noopener\">\n\t\t\t\t\t\t\tVoir  + de vid\u00e9os\n\t\t<\/a>\n\n","protected":false},"excerpt":{"rendered":"<p>Vid\u00e9osPromotionnelles Pour d\u00e9buter en vid\u00e9o, on fait des vid\u00e9os promotionnelles. C&rsquo;est la base de la strat\u00e9gie vid\u00e9o. Messages de Marque, T\u00e9moignages, Behind the Scenes et Pr\u00e9sentation d&rsquo;\u00e9quipe: Voici seulement quelques exemples de la multitude de types de vid\u00e9os possible \u00e0 r\u00e9aliser. Il va sans dire qu&rsquo;une strat\u00e9gie vid\u00e9o compl\u00e8te\u00a0en contient plusieurs d&rsquo;entre eux.\u00a0 \u00c9crivez-moi ou [&hellip;]<\/p>\n","protected":false},"author":1,"featured_media":666,"parent":605,"menu_order":0,"comment_status":"closed","ping_status":"closed","template":"","meta":{"_monsterinsights_skip_tracking":false,"_monsterinsights_sitenote_active":false,"_monsterinsights_sitenote_note":"","_monsterinsights_sitenote_category":0,"site-sidebar-layout":"no-sidebar","site-content-layout":"page-builder","ast-site-content-layout":"default","site-content-style":"default","site-sidebar-style":"default","ast-global-header-display":"","ast-banner-title-visibility":"","ast-main-header-display":"","ast-hfb-above-header-display":"","ast-hfb-below-header-display":"","ast-hfb-mobile-header-display":"","site-post-title":"disabled","ast-breadcrumbs-content":"","ast-featured-img":"disabled","footer-sml-layout":"","ast-disable-related-posts":"","theme-transparent-header-meta":"","adv-header-id-meta":"","stick-header-meta":"","header-above-stick-meta":"","header-main-stick-meta":"","header-below-stick-meta":"","astra-migrate-meta-layouts":"default","ast-page-background-enabled":"default","ast-page-background-meta":{"desktop":{"background-color":"","background-image":"","background-repeat":"repeat","background-position":"center center","background-size":"auto","background-attachment":"scroll","background-type":"","background-media":"","overlay-type":"","overlay-color":"","overlay-opacity":"","overlay-gradient":""},"tablet":{"background-color":"","background-image":"","background-repeat":"repeat","background-position":"center center","background-size":"auto","background-attachment":"scroll","background-type":"","background-media":"","overlay-type":"","overlay-color":"","overlay-opacity":"","overlay-gradient":""},"mobile":{"background-color":"","background-image":"","background-repeat":"repeat","background-position":"center center","background-size":"auto","background-attachment":"scroll","background-type":"","background-media":"","overlay-type":"","overlay-color":"","overlay-opacity":"","overlay-gradient":""}},"ast-content-background-meta":{"desktop":{"background-color":"var(--ast-global-color-5)","background-image":"","background-repeat":"repeat","background-position":"center center","background-size":"auto","background-attachment":"scroll","background-type":"","background-media":"","overlay-type":"","overlay-color":"","overlay-opacity":"","overlay-gradient":""},"tablet":{"background-color":"var(--ast-global-color-5)","background-image":"","background-repeat":"repeat","background-position":"center center","background-size":"auto","background-attachment":"scroll","background-type":"","background-media":"","overlay-type":"","overlay-color":"","overlay-opacity":"","overlay-gradient":""},"mobile":{"background-color":"var(--ast-global-color-5)","background-image":"","background-repeat":"repeat","background-position":"center center","background-size":"auto","background-attachment":"scroll","background-type":"","background-media":"","overlay-type":"","overlay-color":"","overlay-opacity":"","overlay-gradient":""}},"footnotes":""},"class_list":["post-583","page","type-page","status-publish","has-post-thumbnail","hentry"],"yoast_head":"<!-- This site is optimized with the Yoast SEO plugin v26.6 - https:\/\/yoast.com\/wordpress\/plugins\/seo\/ -->\n<title>Vid\u00e9os Promotionnelles - Thorne Marketing Videos<\/title>\n<meta name=\"description\" content=\"Votre entreprise m\u00e9rite le contenu le plus engageant. Nous produisons des vid\u00e9os \u00e0 l&#039;int\u00e9rieur d&#039;une strat\u00e9gie pour votre entreprise.\" \/>\n<meta name=\"robots\" content=\"index, follow, max-snippet:-1, max-image-preview:large, max-video-preview:-1\" \/>\n<link rel=\"canonical\" href=\"https:\/\/thornemarketingvideos.com\/fr\/services\/videos-promotionnelles\/\" \/>\n<meta property=\"og:locale\" content=\"fr_FR\" \/>\n<meta property=\"og:type\" content=\"article\" \/>\n<meta property=\"og:title\" content=\"Vid\u00e9os Promotionnelles - Thorne Marketing Videos\" \/>\n<meta property=\"og:description\" content=\"Votre entreprise m\u00e9rite le contenu le plus engageant. Nous produisons des vid\u00e9os \u00e0 l&#039;int\u00e9rieur d&#039;une strat\u00e9gie pour votre entreprise.\" \/>\n<meta property=\"og:url\" content=\"https:\/\/thornemarketingvideos.com\/fr\/services\/videos-promotionnelles\/\" \/>\n<meta property=\"og:site_name\" content=\"Thorne Marketing Videos\" \/>\n<meta property=\"article:modified_time\" content=\"2023-08-07T17:02:55+00:00\" \/>\n<meta property=\"og:image\" content=\"https:\/\/thornemarketingvideos.com\/wp-content\/uploads\/FR-1_VideoPromotionnelles.jpg\" \/>\n\t<meta property=\"og:image:width\" content=\"1200\" \/>\n\t<meta property=\"og:image:height\" content=\"628\" \/>\n\t<meta property=\"og:image:type\" content=\"image\/jpeg\" \/>\n<meta name=\"twitter:card\" content=\"summary_large_image\" \/>\n<meta name=\"twitter:label1\" content=\"Dur\u00e9e de lecture estim\u00e9e\" \/>\n\t<meta name=\"twitter:data1\" content=\"1 minute\" \/>\n<script type=\"application\/ld+json\" class=\"yoast-schema-graph\">{\"@context\":\"https:\/\/schema.org\",\"@graph\":[{\"@type\":\"WebPage\",\"@id\":\"https:\/\/thornemarketingvideos.com\/fr\/services\/videos-promotionnelles\/\",\"url\":\"https:\/\/thornemarketingvideos.com\/fr\/services\/videos-promotionnelles\/\",\"name\":\"Vid\u00e9os Promotionnelles - Thorne Marketing Videos\",\"isPartOf\":{\"@id\":\"https:\/\/thornemarketingvideos.com\/#website\"},\"primaryImageOfPage\":{\"@id\":\"https:\/\/thornemarketingvideos.com\/fr\/services\/videos-promotionnelles\/#primaryimage\"},\"image\":{\"@id\":\"https:\/\/thornemarketingvideos.com\/fr\/services\/videos-promotionnelles\/#primaryimage\"},\"thumbnailUrl\":\"https:\/\/thornemarketingvideos.com\/wp-content\/uploads\/FR-1_VideoPromotionnelles.jpg\",\"datePublished\":\"2022-01-23T19:18:03+00:00\",\"dateModified\":\"2023-08-07T17:02:55+00:00\",\"description\":\"Votre entreprise m\u00e9rite le contenu le plus engageant. Nous produisons des vid\u00e9os \u00e0 l'int\u00e9rieur d'une strat\u00e9gie pour votre entreprise.\",\"breadcrumb\":{\"@id\":\"https:\/\/thornemarketingvideos.com\/fr\/services\/videos-promotionnelles\/#breadcrumb\"},\"inLanguage\":\"fr-FR\",\"potentialAction\":[{\"@type\":\"ReadAction\",\"target\":[\"https:\/\/thornemarketingvideos.com\/fr\/services\/videos-promotionnelles\/\"]}]},{\"@type\":\"ImageObject\",\"inLanguage\":\"fr-FR\",\"@id\":\"https:\/\/thornemarketingvideos.com\/fr\/services\/videos-promotionnelles\/#primaryimage\",\"url\":\"https:\/\/thornemarketingvideos.com\/wp-content\/uploads\/FR-1_VideoPromotionnelles.jpg\",\"contentUrl\":\"https:\/\/thornemarketingvideos.com\/wp-content\/uploads\/FR-1_VideoPromotionnelles.jpg\",\"width\":1200,\"height\":628,\"caption\":\"FR VideoPromotionnelles\"},{\"@type\":\"BreadcrumbList\",\"@id\":\"https:\/\/thornemarketingvideos.com\/fr\/services\/videos-promotionnelles\/#breadcrumb\",\"itemListElement\":[{\"@type\":\"ListItem\",\"position\":1,\"name\":\"Accueil\",\"item\":\"https:\/\/thornemarketingvideos.com\/fr\/\"},{\"@type\":\"ListItem\",\"position\":2,\"name\":\"Services\",\"item\":\"https:\/\/thornemarketingvideos.com\/fr\/services-2\/\"},{\"@type\":\"ListItem\",\"position\":3,\"name\":\"Vid\u00e9os Promotionnelles\"}]},{\"@type\":\"WebSite\",\"@id\":\"https:\/\/thornemarketingvideos.com\/#website\",\"url\":\"https:\/\/thornemarketingvideos.com\/\",\"name\":\"Thorne Marketing Videos\",\"description\":\"Promotional Video Production and Strategy\",\"potentialAction\":[{\"@type\":\"SearchAction\",\"target\":{\"@type\":\"EntryPoint\",\"urlTemplate\":\"https:\/\/thornemarketingvideos.com\/?s={search_term_string}\"},\"query-input\":{\"@type\":\"PropertyValueSpecification\",\"valueRequired\":true,\"valueName\":\"search_term_string\"}}],\"inLanguage\":\"fr-FR\"}]}<\/script>\n<!-- \/ Yoast SEO plugin. -->","yoast_head_json":{"title":"Vid\u00e9os Promotionnelles - Thorne Marketing Videos","description":"Votre entreprise m\u00e9rite le contenu le plus engageant. Nous produisons des vid\u00e9os \u00e0 l'int\u00e9rieur d'une strat\u00e9gie pour votre entreprise.","robots":{"index":"index","follow":"follow","max-snippet":"max-snippet:-1","max-image-preview":"max-image-preview:large","max-video-preview":"max-video-preview:-1"},"canonical":"https:\/\/thornemarketingvideos.com\/fr\/services\/videos-promotionnelles\/","og_locale":"fr_FR","og_type":"article","og_title":"Vid\u00e9os Promotionnelles - Thorne Marketing Videos","og_description":"Votre entreprise m\u00e9rite le contenu le plus engageant. Nous produisons des vid\u00e9os \u00e0 l'int\u00e9rieur d'une strat\u00e9gie pour votre entreprise.","og_url":"https:\/\/thornemarketingvideos.com\/fr\/services\/videos-promotionnelles\/","og_site_name":"Thorne Marketing Videos","article_modified_time":"2023-08-07T17:02:55+00:00","og_image":[{"width":1200,"height":628,"url":"https:\/\/thornemarketingvideos.com\/wp-content\/uploads\/FR-1_VideoPromotionnelles.jpg","type":"image\/jpeg"}],"twitter_card":"summary_large_image","twitter_misc":{"Dur\u00e9e de lecture estim\u00e9e":"1 minute"},"schema":{"@context":"https:\/\/schema.org","@graph":[{"@type":"WebPage","@id":"https:\/\/thornemarketingvideos.com\/fr\/services\/videos-promotionnelles\/","url":"https:\/\/thornemarketingvideos.com\/fr\/services\/videos-promotionnelles\/","name":"Vid\u00e9os Promotionnelles - Thorne Marketing Videos","isPartOf":{"@id":"https:\/\/thornemarketingvideos.com\/#website"},"primaryImageOfPage":{"@id":"https:\/\/thornemarketingvideos.com\/fr\/services\/videos-promotionnelles\/#primaryimage"},"image":{"@id":"https:\/\/thornemarketingvideos.com\/fr\/services\/videos-promotionnelles\/#primaryimage"},"thumbnailUrl":"https:\/\/thornemarketingvideos.com\/wp-content\/uploads\/FR-1_VideoPromotionnelles.jpg","datePublished":"2022-01-23T19:18:03+00:00","dateModified":"2023-08-07T17:02:55+00:00","description":"Votre entreprise m\u00e9rite le contenu le plus engageant. Nous produisons des vid\u00e9os \u00e0 l'int\u00e9rieur d'une strat\u00e9gie pour votre entreprise.","breadcrumb":{"@id":"https:\/\/thornemarketingvideos.com\/fr\/services\/videos-promotionnelles\/#breadcrumb"},"inLanguage":"fr-FR","potentialAction":[{"@type":"ReadAction","target":["https:\/\/thornemarketingvideos.com\/fr\/services\/videos-promotionnelles\/"]}]},{"@type":"ImageObject","inLanguage":"fr-FR","@id":"https:\/\/thornemarketingvideos.com\/fr\/services\/videos-promotionnelles\/#primaryimage","url":"https:\/\/thornemarketingvideos.com\/wp-content\/uploads\/FR-1_VideoPromotionnelles.jpg","contentUrl":"https:\/\/thornemarketingvideos.com\/wp-content\/uploads\/FR-1_VideoPromotionnelles.jpg","width":1200,"height":628,"caption":"FR VideoPromotionnelles"},{"@type":"BreadcrumbList","@id":"https:\/\/thornemarketingvideos.com\/fr\/services\/videos-promotionnelles\/#breadcrumb","itemListElement":[{"@type":"ListItem","position":1,"name":"Accueil","item":"https:\/\/thornemarketingvideos.com\/fr\/"},{"@type":"ListItem","position":2,"name":"Services","item":"https:\/\/thornemarketingvideos.com\/fr\/services-2\/"},{"@type":"ListItem","position":3,"name":"Vid\u00e9os Promotionnelles"}]},{"@type":"WebSite","@id":"https:\/\/thornemarketingvideos.com\/#website","url":"https:\/\/thornemarketingvideos.com\/","name":"Thorne Marketing Videos","description":"Promotional Video Production and Strategy","potentialAction":[{"@type":"SearchAction","target":{"@type":"EntryPoint","urlTemplate":"https:\/\/thornemarketingvideos.com\/?s={search_term_string}"},"query-input":{"@type":"PropertyValueSpecification","valueRequired":true,"valueName":"search_term_string"}}],"inLanguage":"fr-FR"}]}},"_links":{"self":[{"href":"https:\/\/thornemarketingvideos.com\/fr\/wp-json\/wp\/v2\/pages\/583","targetHints":{"allow":["GET"]}}],"collection":[{"href":"https:\/\/thornemarketingvideos.com\/fr\/wp-json\/wp\/v2\/pages"}],"about":[{"href":"https:\/\/thornemarketingvideos.com\/fr\/wp-json\/wp\/v2\/types\/page"}],"author":[{"embeddable":true,"href":"https:\/\/thornemarketingvideos.com\/fr\/wp-json\/wp\/v2\/users\/1"}],"replies":[{"embeddable":true,"href":"https:\/\/thornemarketingvideos.com\/fr\/wp-json\/wp\/v2\/comments?post=583"}],"version-history":[{"count":16,"href":"https:\/\/thornemarketingvideos.com\/fr\/wp-json\/wp\/v2\/pages\/583\/revisions"}],"predecessor-version":[{"id":1006,"href":"https:\/\/thornemarketingvideos.com\/fr\/wp-json\/wp\/v2\/pages\/583\/revisions\/1006"}],"up":[{"embeddable":true,"href":"https:\/\/thornemarketingvideos.com\/fr\/wp-json\/wp\/v2\/pages\/605"}],"wp:featuredmedia":[{"embeddable":true,"href":"https:\/\/thornemarketingvideos.com\/fr\/wp-json\/wp\/v2\/media\/666"}],"wp:attachment":[{"href":"https:\/\/thornemarketingvideos.com\/fr\/wp-json\/wp\/v2\/media?parent=583"}],"curies":[{"name":"wp","href":"https:\/\/api.w.org\/{rel}","templated":true}]}}